{"id":140,"date":"2024-03-18T22:49:06","date_gmt":"2024-03-18T21:49:06","guid":{"rendered":"https:\/\/resinedephoenix.com\/?page_id=140"},"modified":"2024-11-09T14:40:44","modified_gmt":"2024-11-09T13:40:44","slug":"mentions-legales","status":"publish","type":"page","link":"https:\/\/resinedephoenix.com\/index.php\/mentions-legales\/","title":{"rendered":"Mentions l\u00e9gales"},"content":{"rendered":"\t\t<div data-elementor-type=\"wp-page\" data-elementor-id=\"140\" class=\"elementor elementor-140\" data-elementor-post-type=\"page\">\n\t\t\t\t<div class=\"elementor-element elementor-element-a399cac e-flex e-con-boxed e-con e-parent\" data-id=\"a399cac\" data-element_type=\"container\" data-e-type=\"container\">\n\t\t\t\t\t<div class=\"e-con-inner\">\n\t\t\t\t<div class=\"elementor-element elementor-element-683ac73 elementor-widget elementor-widget-heading\" data-id=\"683ac73\" data-element_type=\"widget\" data-e-type=\"widget\" data-widget_type=\"heading.default\">\n\t\t\t\t<div class=\"elementor-widget-container\">\n\t\t\t\t\t<h2 class=\"elementor-heading-title elementor-size-default\">Mentions l\u00e9gales<\/h2>\t\t\t\t<\/div>\n\t\t\t\t<\/div>\n\t\t\t\t<div class=\"elementor-element elementor-element-14677c8 elementor-widget elementor-widget-text-editor\" data-id=\"14677c8\" data-element_type=\"widget\" data-e-type=\"widget\" data-widget_type=\"text-editor.default\">\n\t\t\t\t<div class=\"elementor-widget-container\">\n\t\t\t\t\t\t\t\t\t<p><span style=\"font-style: inherit; color: var( --e-global-color-92e328b ); font-family: var( --e-global-typography-ac82b2f-font-family ), Sans-serif; letter-spacing: var( --e-global-typography-ac82b2f-letter-spacing ); word-spacing: var( --e-global-typography-ac82b2f-word-spacing ); text-align: var(--text-align); background-color: var(--ast-global-color-5);\"><b>\u00c9diteur du site<\/b><\/span><\/p><p>Raison sociale : R\u00e9sine de Phoenix<br \/>Forme juridique : Entreprise artisanale<br \/>Adresse : 91480 &#8211; QUINCY SOUS SENART &#8211; FRANCE<br \/>E-mail : resinedephoenix@gmail.com<br \/>SIREN : 982 182 008<br \/>Directeur de la publication : SAMBA MAVANZA ARNAULT<\/p><p><b>H\u00e9bergeur du site<\/b><\/p><p>Raison sociale : Hostinger<br \/>Adresse :\u00a0HOSTINGER INTERNATIONAL LTD, 61 Lordou Vironos Street, 6023 Larnaca, Chypre<br \/>T\u00e9l\u00e9phone :\u00a008 92 97 70 93<br \/>E-mail :\u00a0gdpr@hostinger.com<\/p><p><b>Propri\u00e9t\u00e9 intellectuelle<\/b><\/p><p>Le contenu du site est prot\u00e9g\u00e9 par le droit d&rsquo;auteur et autres droits de propri\u00e9t\u00e9 intellectuelle. Toute reproduction ou repr\u00e9sentation totale ou partielle de ce site, par quelque moyen que ce soit, sans autorisation pr\u00e9alable de\u00a0<span style=\"color: var( --e-global-color-92e328b ); font-family: var( --e-global-typography-ac82b2f-font-family ), Sans-serif; font-size: var( --e-global-typography-ac82b2f-font-size ); font-weight: var( --e-global-typography-ac82b2f-font-weight ); letter-spacing: var( --e-global-typography-ac82b2f-letter-spacing ); word-spacing: var( --e-global-typography-ac82b2f-word-spacing ); text-align: var(--text-align); background-color: var(--ast-global-color-5);\">R\u00e9sine de Phoenix<\/span><span style=\"font-style: inherit; font-weight: inherit; color: var( --e-global-color-92e328b ); font-family: var( --e-global-typography-ac82b2f-font-family ), Sans-serif; letter-spacing: var( --e-global-typography-ac82b2f-letter-spacing ); word-spacing: var( --e-global-typography-ac82b2f-word-spacing ); text-align: var(--text-align); background-color: var(--ast-global-color-5);\">\u00a0est interdite et constituerait une contrefa\u00e7on sanctionn\u00e9e par les articles L.335-2 et suivants du Code de la propri\u00e9t\u00e9 intellectuelle.<\/span><\/p><p><b>Protection des donn\u00e9es personnelles<\/b><\/p><p>Les donn\u00e9es personnelles collect\u00e9es sur ce site sont uniquement destin\u00e9es \u00e0 un usage interne. En aucun cas ces donn\u00e9es ne seront c\u00e9d\u00e9es ou vendues \u00e0 des tiers. Conform\u00e9ment \u00e0 la loi \u00ab\u00a0Informatique et Libert\u00e9s\u00a0\u00bb du 6 janvier 1978 modifi\u00e9e en 2004, vous disposez d&rsquo;un droit d&rsquo;acc\u00e8s, de rectification et de suppression des donn\u00e9es qui vous concernent. Vous pouvez exercer ce droit en nous contactant \u00e0 l&rsquo;adresse suivante : 91480 &#8211; QUINCY SOUS SENART &#8211; FRANCE.<\/p><p><b>Cookies<\/b><\/p><p>Ce site utilise des cookies pour am\u00e9liorer votre exp\u00e9rience utilisateur. En naviguant sur ce site, vous acceptez l&rsquo;utilisation de cookies conform\u00e9ment \u00e0 notre politique en mati\u00e8re de cookies.<\/p><p><b>Liens hypertextes<\/b><\/p><p>Les liens hypertextes pr\u00e9sents sur ce site et orientant les utilisateurs vers d&rsquo;autres sites internet n&rsquo;engagent pas la responsabilit\u00e9 de\u00a0<span style=\"color: var( --e-global-color-92e328b ); font-family: var( --e-global-typography-ac82b2f-font-family ), Sans-serif; font-size: var( --e-global-typography-ac82b2f-font-size ); font-weight: var( --e-global-typography-ac82b2f-font-weight ); letter-spacing: var( --e-global-typography-ac82b2f-letter-spacing ); word-spacing: var( --e-global-typography-ac82b2f-word-spacing ); text-align: var(--text-align); background-color: var(--ast-global-color-5);\">R\u00e9sine de Phoenix\u00a0<\/span><span style=\"font-style: inherit; font-weight: inherit; color: var( --e-global-color-92e328b ); font-family: var( --e-global-typography-ac82b2f-font-family ), Sans-serif; letter-spacing: var( --e-global-typography-ac82b2f-letter-spacing ); word-spacing: var( --e-global-typography-ac82b2f-word-spacing ); text-align: var(--text-align); background-color: var(--ast-global-color-5);\">quant au contenu de ces sites.<\/span><\/p><p><b>Modification des mentions l\u00e9gales<\/b><\/p><p><span style=\"color: var( --e-global-color-92e328b ); font-family: var( --e-global-typography-ac82b2f-font-family ), Sans-serif; font-size: var( --e-global-typography-ac82b2f-font-size ); font-weight: var( --e-global-typography-ac82b2f-font-weight ); letter-spacing: var( --e-global-typography-ac82b2f-letter-spacing ); word-spacing: var( --e-global-typography-ac82b2f-word-spacing ); text-align: var(--text-align); background-color: var(--ast-global-color-5);\">R\u00e9sine de Phoenix<\/span>\u00a0se r\u00e9serve le droit de modifier les pr\u00e9sentes mentions l\u00e9gales \u00e0 tout moment. Nous vous recommandons donc de les consulter r\u00e9guli\u00e8rement.<\/p>\t\t\t\t\t\t\t\t<\/div>\n\t\t\t\t<\/div>\n\t\t\t\t\t<\/div>\n\t\t\t\t<\/div>\n\t\t\t\t<\/div>\n\t\t","protected":false},"excerpt":{"rendered":"<p>Mentions l\u00e9gales \u00c9diteur du site Raison sociale : R\u00e9sine de PhoenixForme juridique : Entreprise artisanaleAdresse : 91480 &#8211; QUINCY SOUS [&hellip;]<\/p>\n","protected":false},"author":1,"featured_media":0,"parent":0,"menu_order":0,"comment_status":"closed","ping_status":"closed","template":"elementor_canvas","meta":{"site-sidebar-layout":"no-sidebar","site-content-layout":"","ast-site-content-layout":"normal-width-container","site-content-style":"default","site-sidebar-style":"default","ast-global-header-display":"","ast-banner-title-visibility":"","ast-main-header-display":"","ast-hfb-above-header-display":"","ast-hfb-below-header-display":"","ast-hfb-mobile-header-display":"","site-post-title":"disabled","ast-breadcrumbs-content":"","ast-featured-img":"disabled","footer-sml-layout":"","theme-transparent-header-meta":"","adv-header-id-meta":"","stick-header-meta":"","header-above-stick-meta":"","header-main-stick-meta":"","header-below-stick-meta":"","astra-migrate-meta-layouts":"default","ast-page-background-enabled":"default","ast-page-background-meta":{"desktop":{"background-color":"var(--ast-global-color-4)","background-image":"","background-repeat":"repeat","background-position":"center center","background-size":"auto","background-attachment":"scroll","background-type":"","background-media":"","overlay-type":"","overlay-color":"","overlay-opacity":"","overlay-gradient":""},"tablet":{"background-color":"","background-image":"","background-repeat":"repeat","background-position":"center center","background-size":"auto","background-attachment":"scroll","background-type":"","background-media":"","overlay-type":"","overlay-color":"","overlay-opacity":"","overlay-gradient":""},"mobile":{"background-color":"","background-image":"","background-repeat":"repeat","background-position":"center center","background-size":"auto","background-attachment":"scroll","background-type":"","background-media":"","overlay-type":"","overlay-color":"","overlay-opacity":"","overlay-gradient":""}},"ast-content-background-meta":{"desktop":{"background-color":"var(--ast-global-color-5)","background-image":"","background-repeat":"repeat","background-position":"center center","background-size":"auto","background-attachment":"scroll","background-type":"","background-media":"","overlay-type":"","overlay-color":"","overlay-opacity":"","overlay-gradient":""},"tablet":{"background-color":"var(--ast-global-color-5)","background-image":"","background-repeat":"repeat","background-position":"center center","background-size":"auto","background-attachment":"scroll","background-type":"","background-media":"","overlay-type":"","overlay-color":"","overlay-opacity":"","overlay-gradient":""},"mobile":{"background-color":"var(--ast-global-color-5)","background-image":"","background-repeat":"repeat","background-position":"center center","background-size":"auto","background-attachment":"scroll","background-type":"","background-media":"","overlay-type":"","overlay-color":"","overlay-opacity":"","overlay-gradient":""}},"footnotes":""},"class_list":["post-140","page","type-page","status-publish","hentry"],"aioseo_notices":[],"jetpack_sharing_enabled":true,"_links":{"self":[{"href":"https:\/\/resinedephoenix.com\/index.php\/wp-json\/wp\/v2\/pages\/140","targetHints":{"allow":["GET"]}}],"collection":[{"href":"https:\/\/resinedephoenix.com\/index.php\/wp-json\/wp\/v2\/pages"}],"about":[{"href":"https:\/\/resinedephoenix.com\/index.php\/wp-json\/wp\/v2\/types\/page"}],"author":[{"embeddable":true,"href":"https:\/\/resinedephoenix.com\/index.php\/wp-json\/wp\/v2\/users\/1"}],"replies":[{"embeddable":true,"href":"https:\/\/resinedephoenix.com\/index.php\/wp-json\/wp\/v2\/comments?post=140"}],"version-history":[{"count":20,"href":"https:\/\/resinedephoenix.com\/index.php\/wp-json\/wp\/v2\/pages\/140\/revisions"}],"predecessor-version":[{"id":2267,"href":"https:\/\/resinedephoenix.com\/index.php\/wp-json\/wp\/v2\/pages\/140\/revisions\/2267"}],"wp:attachment":[{"href":"https:\/\/resinedephoenix.com\/index.php\/wp-json\/wp\/v2\/media?parent=140"}],"curies":[{"name":"wp","href":"https:\/\/api.w.org\/{rel}","templated":true}]}}