{"id":1543,"date":"2024-05-04T18:18:16","date_gmt":"2024-05-04T16:18:16","guid":{"rendered":"https:\/\/resinedephoenix.com\/?page_id=1543"},"modified":"2024-11-30T12:09:43","modified_gmt":"2024-11-30T11:09:43","slug":"a-propos-de-nous","status":"publish","type":"page","link":"https:\/\/resinedephoenix.com\/index.php\/a-propos-de-nous\/","title":{"rendered":"A propos de nous"},"content":{"rendered":"\t\t<div data-elementor-type=\"wp-page\" data-elementor-id=\"1543\" class=\"elementor elementor-1543\" data-elementor-post-type=\"page\">\n\t\t\t\t<div class=\"elementor-element elementor-element-3fbe907 e-flex e-con-boxed e-con e-parent\" data-id=\"3fbe907\" data-element_type=\"container\" data-e-type=\"container\">\n\t\t\t\t\t<div class=\"e-con-inner\">\n\t\t\t\t<div class=\"elementor-element elementor-element-bfe48ff elementor-widget elementor-widget-page-title\" data-id=\"bfe48ff\" data-element_type=\"widget\" data-e-type=\"widget\" data-widget_type=\"page-title.default\">\n\t\t\t\t<div class=\"elementor-widget-container\">\n\t\t\t\t\t\t\t\n\t\t<div class=\"hfe-page-title hfe-page-title-wrapper elementor-widget-heading\">\n\n\t\t\t\t\t\t\t\t\t\t\t<a href=\"https:\/\/resinedephoenix.com\">\n\t\t\t\t\t\t<h2 class=\"elementor-heading-title elementor-size-default\">\n\t\t\t\t\t\t\t\t\n\t\t\t\tA propos de nous  \n\t\t\t<\/h2 > \n\t\t\t\t\t\t\t\t\t<\/a>\n\t\t\t\t\t<\/div>\n\t\t\t\t\t\t<\/div>\n\t\t\t\t<\/div>\n\t\t\t\t<div class=\"elementor-element elementor-element-32d4c51 elementor-widget elementor-widget-text-editor\" data-id=\"32d4c51\" data-element_type=\"widget\" data-e-type=\"widget\" data-widget_type=\"text-editor.default\">\n\t\t\t\t<div class=\"elementor-widget-container\">\n\t\t\t\t\t\t\t\t\t<p>En 2013, ma vie a pris un tournant inattendu. De soignante, je suis devenue patiente, passant neuf longs mois \u00e0 l&rsquo;h\u00f4pital, de la r\u00e9animation \u00e0 l&rsquo;unit\u00e9 de r\u00e9\u00e9ducation. Avec trois enfants et un \u00e9poux, j&rsquo;ai d\u00fb r\u00e9organiser ma vie autour de ma r\u00e9\u00e9ducation et de mon handicap. Je suis dans l&rsquo;incapacit\u00e9 de marcher et de parler.<\/p>\n<p>Quelques ann\u00e9es plus tard, je me retrouve avec mes enfants mais sans \u00e9poux, nous avons divorc\u00e9. Mes journ\u00e9es \u00e9taient alors rythm\u00e9es par la kin\u00e9sith\u00e9rapie, l&rsquo;orthophonie et l&rsquo;\u00e9ducation de mes gar\u00e7ons.&nbsp;<\/p>\n<p>En 2022, une vid\u00e9o sur la cr\u00e9ation d&rsquo;objets en r\u00e9sine \u00e9poxy a chang\u00e9 ma vie. J&rsquo;ai commenc\u00e9 \u00e0 cr\u00e9er de petites \u0153uvres pour mes proches, donnant ainsi naissance \u00e0 R\u00e9sine de Phoenix, une v\u00e9ritable renaissance pour moi.&nbsp;<\/p>\n<p>Aujourd&rsquo;hui, la r\u00e9sine \u00e9poxy est bien plus qu&rsquo;une passion, c&rsquo;est ma th\u00e9rapie. Je poursuis ma r\u00e9\u00e9ducation tout en me consacrant \u00e0 ma cr\u00e9ativit\u00e9. Chaque pi\u00e8ce en r\u00e9sine \u00e9poxy, enti\u00e8rement r\u00e9alis\u00e9e \u00e0 la main avec soin dans mon atelier en r\u00e9gion parisienne, est unique.&nbsp;<br>Fi\u00e8re de mon parcours en tant que maman et entrepreneuse handicap\u00e9e, je crois en la capacit\u00e9 de chacun \u00e0 rena\u00eetre de ses cendres, tel un Phoenix.&nbsp;<\/p>\n<p>Bienvenue sur mon site et bonne visite.<\/p>\t\t\t\t\t\t\t\t<\/div>\n\t\t\t\t<\/div>\n\t\t\t\t\t<\/div>\n\t\t\t\t<\/div>\n\t\t<div class=\"elementor-element elementor-element-55b3efe e-flex e-con-boxed e-con e-parent\" data-id=\"55b3efe\" data-element_type=\"container\" data-e-type=\"container\">\n\t\t\t\t\t<div class=\"e-con-inner\">\n\t\t\t\t<div class=\"elementor-element elementor-element-a7a3b9d elementor-widget elementor-widget-heading\" data-id=\"a7a3b9d\" data-element_type=\"widget\" data-e-type=\"widget\" data-widget_type=\"heading.default\">\n\t\t\t\t<div class=\"elementor-widget-container\">\n\t\t\t\t\t<h2 class=\"elementor-heading-title elementor-size-default\">A propos de moi en vid\u00e9o<\/h2>\t\t\t\t<\/div>\n\t\t\t\t<\/div>\n\t\t\t\t\t<\/div>\n\t\t\t\t<\/div>\n\t\t<div class=\"elementor-element elementor-element-b0a52ca e-flex e-con-boxed e-con e-parent\" data-id=\"b0a52ca\" data-element_type=\"container\" data-e-type=\"container\">\n\t\t\t\t\t<div class=\"e-con-inner\">\n\t\t\t\t<div class=\"elementor-element elementor-element-b60aa32 elementor-widget elementor-widget-video\" data-id=\"b60aa32\" data-element_type=\"widget\" data-e-type=\"widget\" data-settings=\"{&quot;youtube_url&quot;:&quot;https:\\\/\\\/youtu.be\\\/bQ-mNDR--XA&quot;,&quot;video_type&quot;:&quot;youtube&quot;,&quot;controls&quot;:&quot;yes&quot;}\" data-widget_type=\"video.default\">\n\t\t\t\t<div class=\"elementor-widget-container\">\n\t\t\t\t\t\t\t<div class=\"elementor-wrapper elementor-open-inline\">\n\t\t\t<div class=\"elementor-video\"><\/div>\t\t<\/div>\n\t\t\t\t\t\t<\/div>\n\t\t\t\t<\/div>\n\t\t\t\t\t<\/div>\n\t\t\t\t<\/div>\n\t\t\t\t<\/div>\n\t\t","protected":false},"excerpt":{"rendered":"<p>A propos de nous En 2013, ma vie a pris un tournant inattendu. De soignante, je suis devenue patiente, passant [&hellip;]<\/p>\n","protected":false},"author":1,"featured_media":0,"parent":0,"menu_order":0,"comment_status":"closed","ping_status":"closed","template":"elementor_canvas","meta":{"site-sidebar-layout":"no-sidebar","site-content-layout":"","ast-site-content-layout":"full-width-container","site-content-style":"default","site-sidebar-style":"default","ast-global-header-display":"","ast-banner-title-visibility":"","ast-main-header-display":"","ast-hfb-above-header-display":"","ast-hfb-below-header-display":"","ast-hfb-mobile-header-display":"","site-post-title":"disabled","ast-breadcrumbs-content":"","ast-featured-img":"disabled","footer-sml-layout":"","theme-transparent-header-meta":"","adv-header-id-meta":"","stick-header-meta":"","header-above-stick-meta":"","header-main-stick-meta":"","header-below-stick-meta":"","astra-migrate-meta-layouts":"default","ast-page-background-enabled":"default","ast-page-background-meta":{"desktop":{"background-color":"var(--ast-global-color-4)","background-image":"","background-repeat":"repeat","background-position":"center center","background-size":"auto","background-attachment":"scroll","background-type":"","background-media":"","overlay-type":"","overlay-color":"","overlay-opacity":"","overlay-gradient":""},"tablet":{"background-color":"","background-image":"","background-repeat":"repeat","background-position":"center center","background-size":"auto","background-attachment":"scroll","background-type":"","background-media":"","overlay-type":"","overlay-color":"","overlay-opacity":"","overlay-gradient":""},"mobile":{"background-color":"","background-image":"","background-repeat":"repeat","background-position":"center center","background-size":"auto","background-attachment":"scroll","background-type":"","background-media":"","overlay-type":"","overlay-color":"","overlay-opacity":"","overlay-gradient":""}},"ast-content-background-meta":{"desktop":{"background-color":"var(--ast-global-color-5)","background-image":"","background-repeat":"repeat","background-position":"center center","background-size":"auto","background-attachment":"scroll","background-type":"","background-media":"","overlay-type":"","overlay-color":"","overlay-opacity":"","overlay-gradient":""},"tablet":{"background-color":"var(--ast-global-color-5)","background-image":"","background-repeat":"repeat","background-position":"center center","background-size":"auto","background-attachment":"scroll","background-type":"","background-media":"","overlay-type":"","overlay-color":"","overlay-opacity":"","overlay-gradient":""},"mobile":{"background-color":"var(--ast-global-color-5)","background-image":"","background-repeat":"repeat","background-position":"center center","background-size":"auto","background-attachment":"scroll","background-type":"","background-media":"","overlay-type":"","overlay-color":"","overlay-opacity":"","overlay-gradient":""}},"footnotes":""},"class_list":["post-1543","page","type-page","status-publish","hentry"],"aioseo_notices":[],"jetpack_sharing_enabled":true,"_links":{"self":[{"href":"https:\/\/resinedephoenix.com\/index.php\/wp-json\/wp\/v2\/pages\/1543","targetHints":{"allow":["GET"]}}],"collection":[{"href":"https:\/\/resinedephoenix.com\/index.php\/wp-json\/wp\/v2\/pages"}],"about":[{"href":"https:\/\/resinedephoenix.com\/index.php\/wp-json\/wp\/v2\/types\/page"}],"author":[{"embeddable":true,"href":"https:\/\/resinedephoenix.com\/index.php\/wp-json\/wp\/v2\/users\/1"}],"replies":[{"embeddable":true,"href":"https:\/\/resinedephoenix.com\/index.php\/wp-json\/wp\/v2\/comments?post=1543"}],"version-history":[{"count":19,"href":"https:\/\/resinedephoenix.com\/index.php\/wp-json\/wp\/v2\/pages\/1543\/revisions"}],"predecessor-version":[{"id":2408,"href":"https:\/\/resinedephoenix.com\/index.php\/wp-json\/wp\/v2\/pages\/1543\/revisions\/2408"}],"wp:attachment":[{"href":"https:\/\/resinedephoenix.com\/index.php\/wp-json\/wp\/v2\/media?parent=1543"}],"curies":[{"name":"wp","href":"https:\/\/api.w.org\/{rel}","templated":true}]}}