{"id":236,"date":"2024-03-20T21:15:20","date_gmt":"2024-03-20T20:15:20","guid":{"rendered":"https:\/\/resinedephoenix.com\/?page_id=236"},"modified":"2024-05-04T18:29:15","modified_gmt":"2024-05-04T16:29:15","slug":"copyright","status":"publish","type":"page","link":"https:\/\/resinedephoenix.com\/index.php\/copyright\/","title":{"rendered":"COPYRIGHT"},"content":{"rendered":"\t\t<div data-elementor-type=\"wp-page\" data-elementor-id=\"236\" class=\"elementor elementor-236\" data-elementor-post-type=\"page\">\n\t\t\t\t<div class=\"elementor-element elementor-element-af37aee e-flex e-con-boxed e-con e-parent\" data-id=\"af37aee\" data-element_type=\"container\" data-e-type=\"container\">\n\t\t\t\t\t<div class=\"e-con-inner\">\n\t\t\t\t<div class=\"elementor-element elementor-element-a37c84e elementor-widget elementor-widget-heading\" data-id=\"a37c84e\" data-element_type=\"widget\" data-e-type=\"widget\" data-widget_type=\"heading.default\">\n\t\t\t\t<div class=\"elementor-widget-container\">\n\t\t\t\t\t<h2 class=\"elementor-heading-title elementor-size-default\">COPYRIGHT<\/h2>\t\t\t\t<\/div>\n\t\t\t\t<\/div>\n\t\t\t\t<div class=\"elementor-element elementor-element-9be4ab3 elementor-widget elementor-widget-text-editor\" data-id=\"9be4ab3\" data-element_type=\"widget\" data-e-type=\"widget\" data-widget_type=\"text-editor.default\">\n\t\t\t\t<div class=\"elementor-widget-container\">\n\t\t\t\t\t\t\t\t\t<p>\u00a9 2024 R\u00e9sine de Phoenix. Tous droits r\u00e9serv\u00e9s.<\/p><p>Toutes les images, textes, graphiques, logos et designs pr\u00e9sent\u00e9s sur ce site web sont la propri\u00e9t\u00e9 exclusive de R\u00e9sine de Phoenix et sont prot\u00e9g\u00e9s par les lois internationales sur le droit d&rsquo;auteur et les droits de propri\u00e9t\u00e9 intellectuelle. Aucun \u00e9l\u00e9ment de ce site, qu&rsquo;il soit graphique ou textuel, ne peut \u00eatre copi\u00e9, reproduit, distribu\u00e9, modifi\u00e9, diffus\u00e9, publi\u00e9 ou utilis\u00e9 de quelque mani\u00e8re que ce soit sans l&rsquo;autorisation \u00e9crite pr\u00e9alable de R\u00e9sine de Phoenix.<\/p><p>Les marques commerciales, logos et noms de produits mentionn\u00e9s sur ce site sont la propri\u00e9t\u00e9 de leurs propri\u00e9taires respectifs et sont utilis\u00e9s \u00e0 des fins d&rsquo;identification uniquement. Leur utilisation sur ce site ne constitue en aucun cas une approbation, une affiliation ou une recommandation de la part de R\u00e9sine de Phoenix.<\/p><p>Les informations fournies sur ce site sont uniquement \u00e0 des fins d&rsquo;information g\u00e9n\u00e9rale et ne doivent pas \u00eatre consid\u00e9r\u00e9es comme des conseils professionnels ou juridiques. R\u00e9sine de Phoenix ne garantit pas l&rsquo;exactitude, l&rsquo;exhaustivit\u00e9 ou la pertinence des informations fournies sur ce site et ne peut \u00eatre tenue responsable de toute utilisation ou interpr\u00e9tation des informations pr\u00e9sent\u00e9es ici.<\/p><p>En acc\u00e9dant et en utilisant ce site, vous acceptez de vous conformer \u00e0 ces conditions d&rsquo;utilisation et \u00e0 notre politique de confidentialit\u00e9. R\u00e9sine de Phoenix se r\u00e9serve le droit de modifier ou de mettre \u00e0 jour ces conditions \u00e0 tout moment sans pr\u00e9avis. Il est de votre responsabilit\u00e9 de v\u00e9rifier r\u00e9guli\u00e8rement les mises \u00e0 jour de ces conditions.<\/p><p>Pour toute question concernant ces conditions d&rsquo;utilisation ou pour demander l&rsquo;autorisation d&rsquo;utiliser du contenu provenant de ce site, veuillez nous contacter \u00e0 l&rsquo;adresse suivante : agence390@gmail.com<\/p><p>Merci de votre compr\u00e9hension et de votre respect des droits de propri\u00e9t\u00e9 intellectuelle de R\u00e9sine de Phoenix.<\/p>\t\t\t\t\t\t\t\t<\/div>\n\t\t\t\t<\/div>\n\t\t\t\t\t<\/div>\n\t\t\t\t<\/div>\n\t\t\t\t<\/div>\n\t\t","protected":false},"excerpt":{"rendered":"<p>COPYRIGHT \u00a9 2024 R\u00e9sine de Phoenix. Tous droits r\u00e9serv\u00e9s. Toutes les images, textes, graphiques, logos et designs pr\u00e9sent\u00e9s sur ce [&hellip;]<\/p>\n","protected":false},"author":1,"featured_media":0,"parent":0,"menu_order":0,"comment_status":"closed","ping_status":"closed","template":"elementor_canvas","meta":{"site-sidebar-layout":"no-sidebar","site-content-layout":"","ast-site-content-layout":"normal-width-container","site-content-style":"default","site-sidebar-style":"default","ast-global-header-display":"","ast-banner-title-visibility":"","ast-main-header-display":"","ast-hfb-above-header-display":"","ast-hfb-below-header-display":"","ast-hfb-mobile-header-display":"","site-post-title":"disabled","ast-breadcrumbs-content":"","ast-featured-img":"disabled","footer-sml-layout":"","theme-transparent-header-meta":"","adv-header-id-meta":"","stick-header-meta":"","header-above-stick-meta":"","header-main-stick-meta":"","header-below-stick-meta":"","astra-migrate-meta-layouts":"default","ast-page-background-enabled":"default","ast-page-background-meta":{"desktop":{"background-color":"var(--ast-global-color-4)","background-image":"","background-repeat":"repeat","background-position":"center center","background-size":"auto","background-attachment":"scroll","background-type":"","background-media":"","overlay-type":"","overlay-color":"","overlay-opacity":"","overlay-gradient":""},"tablet":{"background-color":"","background-image":"","background-repeat":"repeat","background-position":"center center","background-size":"auto","background-attachment":"scroll","background-type":"","background-media":"","overlay-type":"","overlay-color":"","overlay-opacity":"","overlay-gradient":""},"mobile":{"background-color":"","background-image":"","background-repeat":"repeat","background-position":"center center","background-size":"auto","background-attachment":"scroll","background-type":"","background-media":"","overlay-type":"","overlay-color":"","overlay-opacity":"","overlay-gradient":""}},"ast-content-background-meta":{"desktop":{"background-color":"var(--ast-global-color-5)","background-image":"","background-repeat":"repeat","background-position":"center center","background-size":"auto","background-attachment":"scroll","background-type":"","background-media":"","overlay-type":"","overlay-color":"","overlay-opacity":"","overlay-gradient":""},"tablet":{"background-color":"var(--ast-global-color-5)","background-image":"","background-repeat":"repeat","background-position":"center center","background-size":"auto","background-attachment":"scroll","background-type":"","background-media":"","overlay-type":"","overlay-color":"","overlay-opacity":"","overlay-gradient":""},"mobile":{"background-color":"var(--ast-global-color-5)","background-image":"","background-repeat":"repeat","background-position":"center center","background-size":"auto","background-attachment":"scroll","background-type":"","background-media":"","overlay-type":"","overlay-color":"","overlay-opacity":"","overlay-gradient":""}},"footnotes":""},"class_list":["post-236","page","type-page","status-publish","hentry"],"aioseo_notices":[],"jetpack_sharing_enabled":true,"_links":{"self":[{"href":"https:\/\/resinedephoenix.com\/index.php\/wp-json\/wp\/v2\/pages\/236","targetHints":{"allow":["GET"]}}],"collection":[{"href":"https:\/\/resinedephoenix.com\/index.php\/wp-json\/wp\/v2\/pages"}],"about":[{"href":"https:\/\/resinedephoenix.com\/index.php\/wp-json\/wp\/v2\/types\/page"}],"author":[{"embeddable":true,"href":"https:\/\/resinedephoenix.com\/index.php\/wp-json\/wp\/v2\/users\/1"}],"replies":[{"embeddable":true,"href":"https:\/\/resinedephoenix.com\/index.php\/wp-json\/wp\/v2\/comments?post=236"}],"version-history":[{"count":12,"href":"https:\/\/resinedephoenix.com\/index.php\/wp-json\/wp\/v2\/pages\/236\/revisions"}],"predecessor-version":[{"id":1560,"href":"https:\/\/resinedephoenix.com\/index.php\/wp-json\/wp\/v2\/pages\/236\/revisions\/1560"}],"wp:attachment":[{"href":"https:\/\/resinedephoenix.com\/index.php\/wp-json\/wp\/v2\/media?parent=236"}],"curies":[{"name":"wp","href":"https:\/\/api.w.org\/{rel}","templated":true}]}}