{"id":1402,"date":"2024-04-02T16:55:10","date_gmt":"2024-04-02T14:55:10","guid":{"rendered":"https:\/\/resinedephoenix.com\/index.php\/product\/boite-a-bijoux-carre-ocean\/"},"modified":"2026-04-06T23:39:16","modified_gmt":"2026-04-06T21:39:16","slug":"boite-a-bijoux-carre-ocean","status":"publish","type":"product","link":"https:\/\/resinedephoenix.com\/index.php\/product\/boite-a-bijoux-carre-ocean\/","title":{"rendered":"Ensemble de sous-verres bois &amp; r\u00e9sine  \u00ab\u00a0Esprit bord de mer\u00a0\u00bb"},"content":{"rendered":"<p>Transformez chaque pause caf\u00e9 ou moment convivial en v\u00e9ritable instant d\u2019\u00e9vasion.<br \/>\nCet ensemble de sous-verres et support en bois naturel et r\u00e9sine \u00e9poxy est inspir\u00e9 par la beaut\u00e9 des vagues et la douceur du bord de mer. Chaque pi\u00e8ce est r\u00e9alis\u00e9e \u00e0 la main, ce qui rend chaque motif unique, comme une empreinte de l\u2019oc\u00e9an fig\u00e9e dans le temps.<\/p>\n<p>Le mariage du bois et de la r\u00e9sine apporte un \u00e9quilibre parfait entre authenticit\u00e9 et modernit\u00e9. Le support central permet de ranger facilement les sous-verres tout en ajoutant une touche d\u00e9corative \u00e0 votre int\u00e9rieur.<br \/>\nPens\u00e9s pour \u00eatre aussi beaux que pratiques, ces sous-verres prot\u00e8gent efficacement vos surfaces des taches et de la chaleur, tout en ajoutant une vraie personnalit\u00e9 \u00e0 votre table.<br \/>\nQue ce soit pour vous faire plaisir ou pour offrir, c\u2019est le petit d\u00e9tail qui fait toute la diff\u00e9rence.<\/p>\n<p>Ensemble de 6 sous-verres avec support<br \/>\nMat\u00e9riaux : bois naturel &amp; r\u00e9sine \u00e9poxy<br \/>\nFait main \u2013 chaque pi\u00e8ce est unique<br \/>\nFacile \u00e0 ranger gr\u00e2ce \u00e0 son support<br \/>\nId\u00e9al pour les boissons chaudes et froides<\/p>\n<p>Pourquoi choisir mes sous-verres ?<\/p>\n<p>Cr\u00e9ation artisanale unique (pas de production en s\u00e9rie)<\/p>\n<p>Effet visuel \u201cwaouh\u201d garanti sur une table Alliance \u00e9l\u00e9gante du bois et de la r\u00e9sine<\/p>\n<p>Pratique et malin avec son support de rangement<\/p>\n<p>Parfait en cadeau (pendaison de cr\u00e9maill\u00e8re, anniversaire\u2026)<\/p>\n<p>\u201cFait avec amour et passion, ce petit bijou m\u00e9rite un lavage \u00e0 la main.<\/p>\n","protected":false},"excerpt":{"rendered":"<p>Apportez une touche d\u2019\u00e9vasion \u00e0 votre table avec cet ensemble de 6 sous-verres et support en bois et r\u00e9sine \u00e9poxy effet oc\u00e9an. \u00c0 la fois pratiques et d\u00e9coratifs, ils prot\u00e8gent vos surfaces tout en sublimant vos moments du quotidien.<\/p>\n<p>( verres non fournis)<\/p>\n","protected":false},"featured_media":2534,"template":"","meta":{"site-sidebar-layout":"default","site-content-layout":"","ast-site-content-layout":"default","site-content-style":"default","site-sidebar-style":"default","ast-global-header-display":"","ast-banner-title-visibility":"","ast-main-header-display":"","ast-hfb-above-header-display":"","ast-hfb-below-header-display":"","ast-hfb-mobile-header-display":"","site-post-title":"","ast-breadcrumbs-content":"","ast-featured-img":"","footer-sml-layout":"","theme-transparent-header-meta":"default","adv-header-id-meta":"","stick-header-meta":"","header-above-stick-meta":"","header-main-stick-meta":"","header-below-stick-meta":"","astra-migrate-meta-layouts":"set","ast-page-background-enabled":"default","ast-page-background-meta":{"desktop":{"background-color":"var(--ast-global-color-4)","background-image":"","background-repeat":"repeat","background-position":"center center","background-size":"auto","background-attachment":"scroll","background-type":"","background-media":"","overlay-type":"","overlay-color":"","overlay-opacity":"","overlay-gradient":""},"tablet":{"background-color":"","background-image":"","background-repeat":"repeat","background-position":"center center","background-size":"auto","background-attachment":"scroll","background-type":"","background-media":"","overlay-type":"","overlay-color":"","overlay-opacity":"","overlay-gradient":""},"mobile":{"background-color":"","background-image":"","background-repeat":"repeat","background-position":"center center","background-size":"auto","background-attachment":"scroll","background-type":"","background-media":"","overlay-type":"","overlay-color":"","overlay-opacity":"","overlay-gradient":""}},"ast-content-background-meta":{"desktop":{"background-color":"var(--ast-global-color-5)","background-image":"","background-repeat":"repeat","background-position":"center center","background-size":"auto","background-attachment":"scroll","background-type":"","background-media":"","overlay-type":"","overlay-color":"","overlay-opacity":"","overlay-gradient":""},"tablet":{"background-color":"var(--ast-global-color-5)","background-image":"","background-repeat":"repeat","background-position":"center center","background-size":"auto","background-attachment":"scroll","background-type":"","background-media":"","overlay-type":"","overlay-color":"","overlay-opacity":"","overlay-gradient":""},"mobile":{"background-color":"var(--ast-global-color-5)","background-image":"","background-repeat":"repeat","background-position":"center center","background-size":"auto","background-attachment":"scroll","background-type":"","background-media":"","overlay-type":"","overlay-color":"","overlay-opacity":"","overlay-gradient":""}}},"product_brand":[],"product_cat":[25,31,26],"product_tag":[],"class_list":{"0":"post-1402","1":"product","2":"type-product","3":"status-publish","4":"has-post-thumbnail","6":"product_cat-accessoire","7":"product_cat-plateau","8":"product_cat-decoration","9":"desktop-align-left","10":"tablet-align-left","11":"mobile-align-left","13":"first","14":"instock","15":"taxable","16":"shipping-taxable","17":"purchasable","18":"product-type-simple"},"aioseo_notices":[],"jetpack_sharing_enabled":true,"_links":{"self":[{"href":"https:\/\/resinedephoenix.com\/index.php\/wp-json\/wp\/v2\/product\/1402","targetHints":{"allow":["GET"]}}],"collection":[{"href":"https:\/\/resinedephoenix.com\/index.php\/wp-json\/wp\/v2\/product"}],"about":[{"href":"https:\/\/resinedephoenix.com\/index.php\/wp-json\/wp\/v2\/types\/product"}],"wp:featuredmedia":[{"embeddable":true,"href":"https:\/\/resinedephoenix.com\/index.php\/wp-json\/wp\/v2\/media\/2534"}],"wp:attachment":[{"href":"https:\/\/resinedephoenix.com\/index.php\/wp-json\/wp\/v2\/media?parent=1402"}],"wp:term":[{"taxonomy":"product_brand","embeddable":true,"href":"https:\/\/resinedephoenix.com\/index.php\/wp-json\/wp\/v2\/product_brand?post=1402"},{"taxonomy":"product_cat","embeddable":true,"href":"https:\/\/resinedephoenix.com\/index.php\/wp-json\/wp\/v2\/product_cat?post=1402"},{"taxonomy":"product_tag","embeddable":true,"href":"https:\/\/resinedephoenix.com\/index.php\/wp-json\/wp\/v2\/product_tag?post=1402"}],"curies":[{"name":"wp","href":"https:\/\/api.w.org\/{rel}","templated":true}]}}