{"id":1415,"date":"2024-04-02T17:40:37","date_gmt":"2024-04-02T15:40:37","guid":{"rendered":"https:\/\/resinedephoenix.com\/index.php\/product\/coco-ocean\/"},"modified":"2024-12-03T14:10:32","modified_gmt":"2024-12-03T13:10:32","slug":"coco-ocean","status":"publish","type":"product","link":"https:\/\/resinedephoenix.com\/index.php\/product\/coco-ocean\/","title":{"rendered":"Coco oc\u00e9an (pi\u00e8ce unique)"},"content":{"rendered":"","protected":false},"excerpt":{"rendered":"<p>Plongez dans l&rsquo;ambiance tropicale avec notre Coco Oc\u00e9an, une magnifique cr\u00e9ation r\u00e9alis\u00e9e avec une vraie noix de coco et du v\u00e9ritable sable de Guadeloupe. Ce chef-d&rsquo;\u0153uvre artisanal apportera une touche exotique et \u00e9l\u00e9gante \u00e0 votre d\u00e9cor, \u00e9voquant instantan\u00e9ment les douces brises et les eaux cristallines des \u00eeles lointaines.<\/p>\n<p>Chaque Coco Oc\u00e9an est unique, avec sa propre combinaison de formes organiques, de textures naturelles et de couleurs ensoleill\u00e9es. La noix de coco, soigneusement pr\u00e9par\u00e9e et nettoy\u00e9e, est remplie de v\u00e9ritable sable de Guadeloupe, puis scell\u00e9e pour pr\u00e9server toute sa beaut\u00e9 naturelle. Le r\u00e9sultat est une pi\u00e8ce de d\u00e9coration authentique et captivante qui capture l&rsquo;esprit de l&rsquo;oc\u00e9an et de la plage.<\/p>\n<p>Placez votre Coco Oc\u00e9an sur une \u00e9tag\u00e8re, une table basse ou un bureau pour ajouter une touche de charme tropical \u00e0 votre int\u00e9rieur. Que ce soit dans un salon, une chambre \u00e0 coucher ou un bureau, cette cr\u00e9ation unique attirera tous les regards et vous transportera vers des horizons lointains \u00e0 chaque regard.<\/p>\n<p>Caract\u00e9ristiques :<\/p>\n<ul>\n<li>Mat\u00e9riau : Noix de coco, sable de Guadeloupe<\/li>\n<li>Couleur : Naturelle<\/li>\n<li>Utilisation : D\u00e9coration<\/li>\n<li>Finition : Naturelle<\/li>\n<\/ul>\n<p>Remarque : Comme chaque pi\u00e8ce est fabriqu\u00e9e \u00e0 partir de mat\u00e9riaux naturels, de l\u00e9g\u00e8res variations peuvent survenir par rapport aux images pr\u00e9sent\u00e9es.<\/p>\n<p>Ajoutez une touche de paradis \u00e0 votre d\u00e9cor avec notre Coco Oc\u00e9an et laissez-vous emporter par les douces vibrations des \u00eeles.<\/p>\n","protected":false},"featured_media":1754,"template":"","meta":{"site-sidebar-layout":"default","site-content-layout":"","ast-site-content-layout":"default","site-content-style":"default","site-sidebar-style":"default","ast-global-header-display":"","ast-banner-title-visibility":"","ast-main-header-display":"","ast-hfb-above-header-display":"","ast-hfb-below-header-display":"","ast-hfb-mobile-header-display":"","site-post-title":"","ast-breadcrumbs-content":"","ast-featured-img":"","footer-sml-layout":"","theme-transparent-header-meta":"default","adv-header-id-meta":"","stick-header-meta":"","header-above-stick-meta":"","header-main-stick-meta":"","header-below-stick-meta":"","astra-migrate-meta-layouts":"set","ast-page-background-enabled":"default","ast-page-background-meta":{"desktop":{"background-color":"var(--ast-global-color-4)","background-image":"","background-repeat":"repeat","background-position":"center center","background-size":"auto","background-attachment":"scroll","background-type":"","background-media":"","overlay-type":"","overlay-color":"","overlay-opacity":"","overlay-gradient":""},"tablet":{"background-color":"","background-image":"","background-repeat":"repeat","background-position":"center center","background-size":"auto","background-attachment":"scroll","background-type":"","background-media":"","overlay-type":"","overlay-color":"","overlay-opacity":"","overlay-gradient":""},"mobile":{"background-color":"","background-image":"","background-repeat":"repeat","background-position":"center center","background-size":"auto","background-attachment":"scroll","background-type":"","background-media":"","overlay-type":"","overlay-color":"","overlay-opacity":"","overlay-gradient":""}},"ast-content-background-meta":{"desktop":{"background-color":"var(--ast-global-color-5)","background-image":"","background-repeat":"repeat","background-position":"center center","background-size":"auto","background-attachment":"scroll","background-type":"","background-media":"","overlay-type":"","overlay-color":"","overlay-opacity":"","overlay-gradient":""},"tablet":{"background-color":"var(--ast-global-color-5)","background-image":"","background-repeat":"repeat","background-position":"center center","background-size":"auto","background-attachment":"scroll","background-type":"","background-media":"","overlay-type":"","overlay-color":"","overlay-opacity":"","overlay-gradient":""},"mobile":{"background-color":"var(--ast-global-color-5)","background-image":"","background-repeat":"repeat","background-position":"center center","background-size":"auto","background-attachment":"scroll","background-type":"","background-media":"","overlay-type":"","overlay-color":"","overlay-opacity":"","overlay-gradient":""}}},"product_brand":[],"product_cat":[26],"product_tag":[],"class_list":{"0":"post-1415","1":"product","2":"type-product","3":"status-publish","4":"has-post-thumbnail","6":"product_cat-decoration","7":"desktop-align-left","8":"tablet-align-left","9":"mobile-align-left","11":"first","12":"outofstock","13":"taxable","14":"shipping-taxable","15":"purchasable","16":"product-type-simple"},"aioseo_notices":[],"jetpack_sharing_enabled":true,"_links":{"self":[{"href":"https:\/\/resinedephoenix.com\/index.php\/wp-json\/wp\/v2\/product\/1415","targetHints":{"allow":["GET"]}}],"collection":[{"href":"https:\/\/resinedephoenix.com\/index.php\/wp-json\/wp\/v2\/product"}],"about":[{"href":"https:\/\/resinedephoenix.com\/index.php\/wp-json\/wp\/v2\/types\/product"}],"wp:featuredmedia":[{"embeddable":true,"href":"https:\/\/resinedephoenix.com\/index.php\/wp-json\/wp\/v2\/media\/1754"}],"wp:attachment":[{"href":"https:\/\/resinedephoenix.com\/index.php\/wp-json\/wp\/v2\/media?parent=1415"}],"wp:term":[{"taxonomy":"product_brand","embeddable":true,"href":"https:\/\/resinedephoenix.com\/index.php\/wp-json\/wp\/v2\/product_brand?post=1415"},{"taxonomy":"product_cat","embeddable":true,"href":"https:\/\/resinedephoenix.com\/index.php\/wp-json\/wp\/v2\/product_cat?post=1415"},{"taxonomy":"product_tag","embeddable":true,"href":"https:\/\/resinedephoenix.com\/index.php\/wp-json\/wp\/v2\/product_tag?post=1415"}],"curies":[{"name":"wp","href":"https:\/\/api.w.org\/{rel}","templated":true}]}}