{"id":1483,"date":"2024-04-30T13:06:48","date_gmt":"2024-04-30T11:06:48","guid":{"rendered":"https:\/\/resinedephoenix.com\/index.php\/product\/plateau-rectangle\/"},"modified":"2024-11-11T22:48:03","modified_gmt":"2024-11-11T21:48:03","slug":"plateau-rectangle","status":"publish","type":"product","link":"https:\/\/resinedephoenix.com\/index.php\/product\/plateau-rectangle\/","title":{"rendered":"Plateau \u00ab\u00a0rectangle\u00a0\u00bb"},"content":{"rendered":"<p>R\u00e9alisations avec la r\u00e9sine \u00e9poxy alimentaire<\/p>\n","protected":false},"excerpt":{"rendered":"<p>Optez pour l\u2019alliance parfaite entre fonctionnalit\u00e9 et esth\u00e9tique avec notre plateau de repas rectangle en r\u00e9sine \u00e9poxy. Con\u00e7u pour embellir votre table tout en facilitant le service, ce plateau allie \u00e9l\u00e9gance et praticit\u00e9 \u00e0 la perfection.<\/p>\n<p>Fabriqu\u00e9 \u00e0 la main avec un savoir-faire artisanal exceptionnel, ce plateau pr\u00e9sente une surface lisse et brillante, mettant en valeur la beaut\u00e9 de la r\u00e9sine \u00e9poxy. Sa forme rectangulaire offre une grande surface pour disposer vos plats et boissons lors de vos repas, que ce soit pour un d\u00eener intime ou une r\u00e9ception.<\/p>\n<p>La r\u00e9sine \u00e9poxy de haute qualit\u00e9 assure une durabilit\u00e9 remarquable, r\u00e9sistant aux \u00e9claboussures et aux rayures, tout en \u00e9tant facile \u00e0 nettoyer apr\u00e8s chaque utilisation. Son design \u00e9l\u00e9gant et intemporel s\u2019harmonise avec tous les styles de d\u00e9coration, faisant de ce plateau un accessoire incontournable pour votre cuisine ou votre salle \u00e0 manger.<\/p>\n<p>Caract\u00e9ristiques :<\/p>\n<ul>\n<li>Mat\u00e9riau : R\u00e9sine \u00e9poxy alimentaire<\/li>\n<li>Forme : Rectangle 30 cm X 19 cm<\/li>\n<li>Couleur : Transparent<\/li>\n<li>Utilisation : Plateau de service pour repas<\/li>\n<\/ul>\n<p>Apportez une touche de sophistication \u00e0 votre table avec notre plateau de repas rectangle en r\u00e9sine \u00e9poxy. Il sera le compagnon id\u00e9al pour des repas \u00e9l\u00e9gants et m\u00e9morables.<\/p>\n","protected":false},"featured_media":2278,"template":"","meta":{"site-sidebar-layout":"default","site-content-layout":"","ast-site-content-layout":"default","site-content-style":"default","site-sidebar-style":"default","ast-global-header-display":"","ast-banner-title-visibility":"","ast-main-header-display":"","ast-hfb-above-header-display":"","ast-hfb-below-header-display":"","ast-hfb-mobile-header-display":"","site-post-title":"","ast-breadcrumbs-content":"","ast-featured-img":"","footer-sml-layout":"","theme-transparent-header-meta":"default","adv-header-id-meta":"","stick-header-meta":"","header-above-stick-meta":"","header-main-stick-meta":"","header-below-stick-meta":"","astra-migrate-meta-layouts":"set","ast-page-background-enabled":"default","ast-page-background-meta":{"desktop":{"background-color":"var(--ast-global-color-4)","background-image":"","background-repeat":"repeat","background-position":"center center","background-size":"auto","background-attachment":"scroll","background-type":"","background-media":"","overlay-type":"","overlay-color":"","overlay-opacity":"","overlay-gradient":""},"tablet":{"background-color":"","background-image":"","background-repeat":"repeat","background-position":"center center","background-size":"auto","background-attachment":"scroll","background-type":"","background-media":"","overlay-type":"","overlay-color":"","overlay-opacity":"","overlay-gradient":""},"mobile":{"background-color":"","background-image":"","background-repeat":"repeat","background-position":"center center","background-size":"auto","background-attachment":"scroll","background-type":"","background-media":"","overlay-type":"","overlay-color":"","overlay-opacity":"","overlay-gradient":""}},"ast-content-background-meta":{"desktop":{"background-color":"var(--ast-global-color-5)","background-image":"","background-repeat":"repeat","background-position":"center center","background-size":"auto","background-attachment":"scroll","background-type":"","background-media":"","overlay-type":"","overlay-color":"","overlay-opacity":"","overlay-gradient":""},"tablet":{"background-color":"var(--ast-global-color-5)","background-image":"","background-repeat":"repeat","background-position":"center center","background-size":"auto","background-attachment":"scroll","background-type":"","background-media":"","overlay-type":"","overlay-color":"","overlay-opacity":"","overlay-gradient":""},"mobile":{"background-color":"var(--ast-global-color-5)","background-image":"","background-repeat":"repeat","background-position":"center center","background-size":"auto","background-attachment":"scroll","background-type":"","background-media":"","overlay-type":"","overlay-color":"","overlay-opacity":"","overlay-gradient":""}}},"product_brand":[],"product_cat":[31],"product_tag":[],"class_list":{"0":"post-1483","1":"product","2":"type-product","3":"status-publish","4":"has-post-thumbnail","6":"product_cat-plateau","7":"desktop-align-left","8":"tablet-align-left","9":"mobile-align-left","11":"first","12":"instock","13":"taxable","14":"shipping-taxable","15":"purchasable","16":"product-type-simple"},"aioseo_notices":[],"jetpack_sharing_enabled":true,"_links":{"self":[{"href":"https:\/\/resinedephoenix.com\/index.php\/wp-json\/wp\/v2\/product\/1483","targetHints":{"allow":["GET"]}}],"collection":[{"href":"https:\/\/resinedephoenix.com\/index.php\/wp-json\/wp\/v2\/product"}],"about":[{"href":"https:\/\/resinedephoenix.com\/index.php\/wp-json\/wp\/v2\/types\/product"}],"wp:featuredmedia":[{"embeddable":true,"href":"https:\/\/resinedephoenix.com\/index.php\/wp-json\/wp\/v2\/media\/2278"}],"wp:attachment":[{"href":"https:\/\/resinedephoenix.com\/index.php\/wp-json\/wp\/v2\/media?parent=1483"}],"wp:term":[{"taxonomy":"product_brand","embeddable":true,"href":"https:\/\/resinedephoenix.com\/index.php\/wp-json\/wp\/v2\/product_brand?post=1483"},{"taxonomy":"product_cat","embeddable":true,"href":"https:\/\/resinedephoenix.com\/index.php\/wp-json\/wp\/v2\/product_cat?post=1483"},{"taxonomy":"product_tag","embeddable":true,"href":"https:\/\/resinedephoenix.com\/index.php\/wp-json\/wp\/v2\/product_tag?post=1483"}],"curies":[{"name":"wp","href":"https:\/\/api.w.org\/{rel}","templated":true}]}}