{"id":1764,"date":"2024-10-01T21:54:28","date_gmt":"2024-10-01T19:54:28","guid":{"rendered":"https:\/\/resinedephoenix.com\/index.php\/product\/support-bouteille-sable-et-mer\/"},"modified":"2025-12-21T03:07:21","modified_gmt":"2025-12-21T02:07:21","slug":"support-bouteille-sable-et-mer","status":"publish","type":"product","link":"https:\/\/resinedephoenix.com\/index.php\/product\/support-bouteille-sable-et-mer\/","title":{"rendered":"Support bouteille \u00a0\u00bb le vin \u00e0 l&rsquo; heure rouge \u00ab\u00a0"},"content":{"rendered":"<p>Ce support bouteille en r\u00e9sine \u00e9poxy est une ode aux instants pr\u00e9cieux, ceux que l\u2019on savoure lentement, comme un coucher de soleil partag\u00e9.<br \/>\nLe rouge intense \u00e9voque la chaleur, la passion et la convivialit\u00e9, tandis que les touches dor\u00e9es capturent la lumi\u00e8re comme des \u00e9clats de soleil \u00e0 l\u2019horizon. Le blanc, d\u00e9licatement pr\u00e9sent, apporte \u00e9quilibre et douceur, tel un souffle apaisant au milieu des couleurs ardentes.<br \/>\nEnti\u00e8rement r\u00e9alis\u00e9 \u00e0 la main, ce support transforme la bouteille et les verres en une v\u00e9ritable sc\u00e8ne. La r\u00e9sine, brillante et lumineuse, r\u00e9v\u00e8le des nuances qui \u00e9voluent selon la lumi\u00e8re et le moment de la journ\u00e9e, rendant chaque pi\u00e8ce unique et vivante.<br \/>\n\u00c0 la fois objet fonctionnel et pi\u00e8ce d\u00e9corative, ce support bouteille trouve naturellement sa place sur une table, un buffet ou une terrasse. Il accompagne les moments de partage, les soir\u00e9es d\u2019\u00e9t\u00e9, les discussions qui s\u2019\u00e9ternisent et les verres lev\u00e9s \u00e0 l\u2019instant pr\u00e9sent.<\/p>\n<p>Choisir ce support, c\u2019est choisir bien plus qu\u2019un accessoire : c\u2019est inviter la chaleur, l\u2019\u00e9l\u00e9gance et l\u2019\u00e9motion au c\u0153ur de la d\u00e9gustation.<\/p>\n<p>Vendu sans les verres et la bouteille.Dim : H. 10 x L. 24.5 x \u00e9p. 0.4 cm env.<\/p>\n","protected":false},"excerpt":{"rendered":"<p><span style=\"font-weight:400\"> <\/span>Support bouteille en r\u00e9sine \u00e9poxy aux nuances de rouge profond, sublim\u00e9 par des touches dor\u00e9es et blanches.<br \/>\nUne cr\u00e9ation artisanale chaleureuse et lumineuse, pens\u00e9e pour mettre le vin en sc\u00e8ne avec \u00e9l\u00e9gance.<br \/>\nChaque pi\u00e8ce est unique.<\/p>\n","protected":false},"featured_media":2508,"template":"","meta":{"site-sidebar-layout":"default","site-content-layout":"","ast-site-content-layout":"default","site-content-style":"default","site-sidebar-style":"default","ast-global-header-display":"","ast-banner-title-visibility":"","ast-main-header-display":"","ast-hfb-above-header-display":"","ast-hfb-below-header-display":"","ast-hfb-mobile-header-display":"","site-post-title":"","ast-breadcrumbs-content":"","ast-featured-img":"","footer-sml-layout":"","theme-transparent-header-meta":"default","adv-header-id-meta":"","stick-header-meta":"","header-above-stick-meta":"","header-main-stick-meta":"","header-below-stick-meta":"","astra-migrate-meta-layouts":"set","ast-page-background-enabled":"default","ast-page-background-meta":{"desktop":{"background-color":"var(--ast-global-color-4)","background-image":"","background-repeat":"repeat","background-position":"center center","background-size":"auto","background-attachment":"scroll","background-type":"","background-media":"","overlay-type":"","overlay-color":"","overlay-opacity":"","overlay-gradient":""},"tablet":{"background-color":"","background-image":"","background-repeat":"repeat","background-position":"center center","background-size":"auto","background-attachment":"scroll","background-type":"","background-media":"","overlay-type":"","overlay-color":"","overlay-opacity":"","overlay-gradient":""},"mobile":{"background-color":"","background-image":"","background-repeat":"repeat","background-position":"center center","background-size":"auto","background-attachment":"scroll","background-type":"","background-media":"","overlay-type":"","overlay-color":"","overlay-opacity":"","overlay-gradient":""}},"ast-content-background-meta":{"desktop":{"background-color":"var(--ast-global-color-5)","background-image":"","background-repeat":"repeat","background-position":"center center","background-size":"auto","background-attachment":"scroll","background-type":"","background-media":"","overlay-type":"","overlay-color":"","overlay-opacity":"","overlay-gradient":""},"tablet":{"background-color":"var(--ast-global-color-5)","background-image":"","background-repeat":"repeat","background-position":"center center","background-size":"auto","background-attachment":"scroll","background-type":"","background-media":"","overlay-type":"","overlay-color":"","overlay-opacity":"","overlay-gradient":""},"mobile":{"background-color":"var(--ast-global-color-5)","background-image":"","background-repeat":"repeat","background-position":"center center","background-size":"auto","background-attachment":"scroll","background-type":"","background-media":"","overlay-type":"","overlay-color":"","overlay-opacity":"","overlay-gradient":""}}},"product_brand":[],"product_cat":[31,26],"product_tag":[],"class_list":{"0":"post-1764","1":"product","2":"type-product","3":"status-publish","4":"has-post-thumbnail","6":"product_cat-plateau","7":"product_cat-decoration","8":"desktop-align-left","9":"tablet-align-left","10":"mobile-align-left","12":"first","13":"instock","14":"taxable","15":"shipping-taxable","16":"purchasable","17":"product-type-simple"},"aioseo_notices":[],"jetpack_sharing_enabled":true,"_links":{"self":[{"href":"https:\/\/resinedephoenix.com\/index.php\/wp-json\/wp\/v2\/product\/1764","targetHints":{"allow":["GET"]}}],"collection":[{"href":"https:\/\/resinedephoenix.com\/index.php\/wp-json\/wp\/v2\/product"}],"about":[{"href":"https:\/\/resinedephoenix.com\/index.php\/wp-json\/wp\/v2\/types\/product"}],"wp:featuredmedia":[{"embeddable":true,"href":"https:\/\/resinedephoenix.com\/index.php\/wp-json\/wp\/v2\/media\/2508"}],"wp:attachment":[{"href":"https:\/\/resinedephoenix.com\/index.php\/wp-json\/wp\/v2\/media?parent=1764"}],"wp:term":[{"taxonomy":"product_brand","embeddable":true,"href":"https:\/\/resinedephoenix.com\/index.php\/wp-json\/wp\/v2\/product_brand?post=1764"},{"taxonomy":"product_cat","embeddable":true,"href":"https:\/\/resinedephoenix.com\/index.php\/wp-json\/wp\/v2\/product_cat?post=1764"},{"taxonomy":"product_tag","embeddable":true,"href":"https:\/\/resinedephoenix.com\/index.php\/wp-json\/wp\/v2\/product_tag?post=1764"}],"curies":[{"name":"wp","href":"https:\/\/api.w.org\/{rel}","templated":true}]}}