{"id":2017,"date":"2024-11-01T10:54:05","date_gmt":"2024-11-01T09:54:05","guid":{"rendered":"https:\/\/resinedephoenix.com\/?post_type=product&#038;p=2017"},"modified":"2024-11-30T12:49:08","modified_gmt":"2024-11-30T11:49:08","slug":"porte-cle-chiffre","status":"publish","type":"product","link":"https:\/\/resinedephoenix.com\/index.php\/product\/porte-cle-chiffre\/","title":{"rendered":"Porte cl\u00e9 chiffre"},"content":{"rendered":"","protected":false},"excerpt":{"rendered":"<p><span style=\"font-weight: 400\">Ajoutez une touche unique \u00e0 vos accessoires avec le porte-cl\u00e9 chiffre en r\u00e9sine \u00e9poxy de R\u00e9sine de Phonix ! Ce porte-cl\u00e9 personnalis\u00e9 est con\u00e7u pour ceux qui recherchent un accessoire \u00e0 la fois pratique et original. Fabriqu\u00e9 avec soin dans notre atelier, il se distingue par une finition lisse et brillante qui met en valeur la beaut\u00e9 et la profondeur de la r\u00e9sine \u00e9poxy, un mat\u00e9riau \u00e0 la fois robuste et esth\u00e9tique.<\/span><\/p>\n<h3><b>Caract\u00e9ristiques :<\/b><\/h3>\n<ul>\n<li style=\"font-weight: 400\"><span style=\"font-weight: 400\">Personnalisable : Choisissez votre chiffre favori pour un porte-cl\u00e9 qui vous ressemble.<\/span><\/li>\n<li style=\"font-weight: 400\"><span style=\"font-weight: 400\">Qualit\u00e9 sup\u00e9rieure : Con\u00e7u en r\u00e9sine \u00e9poxy r\u00e9sistante, il est fait pour durer tout en restant l\u00e9ger.<\/span><\/li>\n<li style=\"font-weight: 400\"><span style=\"font-weight: 400\">Design \u00e9l\u00e9gant : Brillant et aux couleurs vibrantes, ce porte-cl\u00e9 saura attirer les regards.<\/span><\/li>\n<li style=\"font-weight: 400\"><span style=\"font-weight: 400\">Id\u00e9e cadeau : Id\u00e9al pour un anniversaire, un porte-bonheur, ou simplement pour se faire plaisir.<\/span><\/li>\n<\/ul>\n<h3><b>Pourquoi choisir notre porte-cl\u00e9 chiffre en r\u00e9sine \u00e9poxy ?<\/b><\/h3>\n<p>&nbsp;<\/p>\n<p><span style=\"font-weight: 400\">Les porte-cl\u00e9s en r\u00e9sine \u00e9poxy de R\u00e9sine de Phonix sont des pi\u00e8ces uniques, fa\u00e7onn\u00e9es \u00e0 la main avec une attention particuli\u00e8re aux d\u00e9tails. Que ce soit pour \u00e9gayer vos cl\u00e9s de maison, de voiture ou m\u00eame pour d\u00e9corer votre sac, ce porte-cl\u00e9 chiffre vous apportera une touche de modernit\u00e9 et de personnalisation.<\/span><\/p>\n<p><span style=\"font-weight: 400\">Ajoutez du style \u00e0 vos cl\u00e9s d\u00e8s aujourd&rsquo;hui avec un porte-cl\u00e9 chiffre personnalis\u00e9 et faites de R\u00e9sine de Phonix votre alli\u00e9 en mati\u00e8re d&rsquo;accessoires uniques !<\/span><\/p>\n","protected":false},"featured_media":2014,"template":"","meta":{"site-sidebar-layout":"default","site-content-layout":"","ast-site-content-layout":"default","site-content-style":"default","site-sidebar-style":"default","ast-global-header-display":"","ast-banner-title-visibility":"","ast-main-header-display":"","ast-hfb-above-header-display":"","ast-hfb-below-header-display":"","ast-hfb-mobile-header-display":"","site-post-title":"","ast-breadcrumbs-content":"","ast-featured-img":"","footer-sml-layout":"","theme-transparent-header-meta":"default","adv-header-id-meta":"","stick-header-meta":"","header-above-stick-meta":"","header-main-stick-meta":"","header-below-stick-meta":"","astra-migrate-meta-layouts":"set","ast-page-background-enabled":"default","ast-page-background-meta":{"desktop":{"background-color":"var(--ast-global-color-4)","background-image":"","background-repeat":"repeat","background-position":"center center","background-size":"auto","background-attachment":"scroll","background-type":"","background-media":"","overlay-type":"","overlay-color":"","overlay-opacity":"","overlay-gradient":""},"tablet":{"background-color":"","background-image":"","background-repeat":"repeat","background-position":"center center","background-size":"auto","background-attachment":"scroll","background-type":"","background-media":"","overlay-type":"","overlay-color":"","overlay-opacity":"","overlay-gradient":""},"mobile":{"background-color":"","background-image":"","background-repeat":"repeat","background-position":"center center","background-size":"auto","background-attachment":"scroll","background-type":"","background-media":"","overlay-type":"","overlay-color":"","overlay-opacity":"","overlay-gradient":""}},"ast-content-background-meta":{"desktop":{"background-color":"var(--ast-global-color-5)","background-image":"","background-repeat":"repeat","background-position":"center center","background-size":"auto","background-attachment":"scroll","background-type":"","background-media":"","overlay-type":"","overlay-color":"","overlay-opacity":"","overlay-gradient":""},"tablet":{"background-color":"var(--ast-global-color-5)","background-image":"","background-repeat":"repeat","background-position":"center center","background-size":"auto","background-attachment":"scroll","background-type":"","background-media":"","overlay-type":"","overlay-color":"","overlay-opacity":"","overlay-gradient":""},"mobile":{"background-color":"var(--ast-global-color-5)","background-image":"","background-repeat":"repeat","background-position":"center center","background-size":"auto","background-attachment":"scroll","background-type":"","background-media":"","overlay-type":"","overlay-color":"","overlay-opacity":"","overlay-gradient":""}}},"product_brand":[],"product_cat":[25],"product_tag":[],"class_list":{"0":"post-2017","1":"product","2":"type-product","3":"status-publish","4":"has-post-thumbnail","6":"product_cat-accessoire","7":"product_shipping_class-colis-leger","8":"desktop-align-left","9":"tablet-align-left","10":"mobile-align-left","12":"first","13":"instock","14":"taxable","15":"shipping-taxable","16":"purchasable","17":"product-type-variable"},"aioseo_notices":[],"jetpack_sharing_enabled":true,"_links":{"self":[{"href":"https:\/\/resinedephoenix.com\/index.php\/wp-json\/wp\/v2\/product\/2017","targetHints":{"allow":["GET"]}}],"collection":[{"href":"https:\/\/resinedephoenix.com\/index.php\/wp-json\/wp\/v2\/product"}],"about":[{"href":"https:\/\/resinedephoenix.com\/index.php\/wp-json\/wp\/v2\/types\/product"}],"wp:featuredmedia":[{"embeddable":true,"href":"https:\/\/resinedephoenix.com\/index.php\/wp-json\/wp\/v2\/media\/2014"}],"wp:attachment":[{"href":"https:\/\/resinedephoenix.com\/index.php\/wp-json\/wp\/v2\/media?parent=2017"}],"wp:term":[{"taxonomy":"product_brand","embeddable":true,"href":"https:\/\/resinedephoenix.com\/index.php\/wp-json\/wp\/v2\/product_brand?post=2017"},{"taxonomy":"product_cat","embeddable":true,"href":"https:\/\/resinedephoenix.com\/index.php\/wp-json\/wp\/v2\/product_cat?post=2017"},{"taxonomy":"product_tag","embeddable":true,"href":"https:\/\/resinedephoenix.com\/index.php\/wp-json\/wp\/v2\/product_tag?post=2017"}],"curies":[{"name":"wp","href":"https:\/\/api.w.org\/{rel}","templated":true}]}}