{"id":2445,"date":"2025-02-11T20:11:44","date_gmt":"2025-02-11T19:11:44","guid":{"rendered":"https:\/\/resinedephoenix.com\/index.php\/product\/vide-poche-grand\/"},"modified":"2025-12-11T16:17:39","modified_gmt":"2025-12-11T15:17:39","slug":"vide-poche-grand","status":"publish","type":"product","link":"https:\/\/resinedephoenix.com\/index.php\/product\/vide-poche-grand\/","title":{"rendered":"Vide poche (grand)"},"content":{"rendered":"<p>Grand et magnifique vide poche<\/p>\n<p>Vous pourrez y mettre :<\/p>\n<p>1. Cl\u00e9s (de la maison, de la voiture)<\/p>\n<p>2. Portefeuille ou de la monnaie<\/p>\n<p>3. T\u00e9l\u00e9phone portable<\/p>\n<p>4. Lunettes de soleil ou de vue<\/p>\n<p>5. Montre ou bijoux comme une bague ou un bracelet<\/p>\n<p>6. Stylo ou petit bloc-notes<\/p>\n<p>7. Briquet ou allumettes<\/p>\n<p>8. Casque ou \u00e9couteurs<\/p>\n<p>9. Baume \u00e0 l\u00e8vres ou petite cr\u00e8me pour les mains<\/p>\n<p>10. Cartes (de visite, bancaires, de fid\u00e9lit\u00e9)<\/p>\n<p>11. Tickets de caisse ou cartes de transport<\/p>\n<p>12. Badge de travail<\/p>\n<p>13. Petits objets \u00e9lectroniques (comme une cl\u00e9 USB)<\/p>\n<p>14. Chargeur ou c\u00e2ble de recharge<\/p>\n<p>15. Mouchoirs ou lingettes.<\/p>\n<p>L&rsquo;id\u00e9e est d&rsquo;y d\u00e9poser des objets utiles pour ne pas les \u00e9garer en rentrant ou en partant de chez soi.<\/p>\n","protected":false},"excerpt":{"rendered":"<p>Grand et magnifique vide poche Vous pourrez y mettre : 1. Cl\u00e9s (de la maison, de la voiture) 2. Portefeuille [&hellip;]<\/p>\n","protected":false},"featured_media":2444,"template":"","meta":{"site-sidebar-layout":"default","site-content-layout":"","ast-site-content-layout":"","site-content-style":"default","site-sidebar-style":"default","ast-global-header-display":"","ast-banner-title-visibility":"","ast-main-header-display":"","ast-hfb-above-header-display":"","ast-hfb-below-header-display":"","ast-hfb-mobile-header-display":"","site-post-title":"","ast-breadcrumbs-content":"","ast-featured-img":"","footer-sml-layout":"","theme-transparent-header-meta":"","adv-header-id-meta":"","stick-header-meta":"","header-above-stick-meta":"","header-main-stick-meta":"","header-below-stick-meta":"","astra-migrate-meta-layouts":"default","ast-page-background-enabled":"default","ast-page-background-meta":{"desktop":{"background-color":"var(--ast-global-color-4)","background-image":"","background-repeat":"repeat","background-position":"center center","background-size":"auto","background-attachment":"scroll","background-type":"","background-media":"","overlay-type":"","overlay-color":"","overlay-opacity":"","overlay-gradient":""},"tablet":{"background-color":"","background-image":"","background-repeat":"repeat","background-position":"center center","background-size":"auto","background-attachment":"scroll","background-type":"","background-media":"","overlay-type":"","overlay-color":"","overlay-opacity":"","overlay-gradient":""},"mobile":{"background-color":"","background-image":"","background-repeat":"repeat","background-position":"center center","background-size":"auto","background-attachment":"scroll","background-type":"","background-media":"","overlay-type":"","overlay-color":"","overlay-opacity":"","overlay-gradient":""}},"ast-content-background-meta":{"desktop":{"background-color":"var(--ast-global-color-5)","background-image":"","background-repeat":"repeat","background-position":"center center","background-size":"auto","background-attachment":"scroll","background-type":"","background-media":"","overlay-type":"","overlay-color":"","overlay-opacity":"","overlay-gradient":""},"tablet":{"background-color":"var(--ast-global-color-5)","background-image":"","background-repeat":"repeat","background-position":"center center","background-size":"auto","background-attachment":"scroll","background-type":"","background-media":"","overlay-type":"","overlay-color":"","overlay-opacity":"","overlay-gradient":""},"mobile":{"background-color":"var(--ast-global-color-5)","background-image":"","background-repeat":"repeat","background-position":"center center","background-size":"auto","background-attachment":"scroll","background-type":"","background-media":"","overlay-type":"","overlay-color":"","overlay-opacity":"","overlay-gradient":""}}},"product_brand":[],"product_cat":[15],"product_tag":[],"class_list":{"0":"post-2445","1":"product","2":"type-product","3":"status-publish","4":"has-post-thumbnail","6":"product_cat-uncategorized","7":"desktop-align-left","8":"tablet-align-left","9":"mobile-align-left","11":"first","12":"onbackorder","13":"taxable","14":"shipping-taxable","15":"purchasable","16":"product-type-simple"},"aioseo_notices":[],"jetpack_sharing_enabled":true,"_links":{"self":[{"href":"https:\/\/resinedephoenix.com\/index.php\/wp-json\/wp\/v2\/product\/2445","targetHints":{"allow":["GET"]}}],"collection":[{"href":"https:\/\/resinedephoenix.com\/index.php\/wp-json\/wp\/v2\/product"}],"about":[{"href":"https:\/\/resinedephoenix.com\/index.php\/wp-json\/wp\/v2\/types\/product"}],"wp:featuredmedia":[{"embeddable":true,"href":"https:\/\/resinedephoenix.com\/index.php\/wp-json\/wp\/v2\/media\/2444"}],"wp:attachment":[{"href":"https:\/\/resinedephoenix.com\/index.php\/wp-json\/wp\/v2\/media?parent=2445"}],"wp:term":[{"taxonomy":"product_brand","embeddable":true,"href":"https:\/\/resinedephoenix.com\/index.php\/wp-json\/wp\/v2\/product_brand?post=2445"},{"taxonomy":"product_cat","embeddable":true,"href":"https:\/\/resinedephoenix.com\/index.php\/wp-json\/wp\/v2\/product_cat?post=2445"},{"taxonomy":"product_tag","embeddable":true,"href":"https:\/\/resinedephoenix.com\/index.php\/wp-json\/wp\/v2\/product_tag?post=2445"}],"curies":[{"name":"wp","href":"https:\/\/api.w.org\/{rel}","templated":true}]}}