{"id":2459,"date":"2025-02-17T23:51:19","date_gmt":"2025-02-17T22:51:19","guid":{"rendered":"https:\/\/resinedephoenix.com\/?post_type=product&#038;p=2459"},"modified":"2025-02-18T09:39:36","modified_gmt":"2025-02-18T08:39:36","slug":"boite-a-bijoux-coeur-feuille-dor-et-bleu","status":"publish","type":"product","link":"https:\/\/resinedephoenix.com\/index.php\/product\/boite-a-bijoux-coeur-feuille-dor-et-bleu\/","title":{"rendered":"Boite \u00e0 bijoux c\u0153ur feuille d&rsquo;or et bleu"},"content":{"rendered":"<p>Cette bo\u00eete \u00e0 bijoux en forme de c\u0153ur est faite de r\u00e9sine \u00e9poxy transparente avec des incrustations de feuilles d&rsquo;or et de bleu, ce qui lui donne un effet scintillant et \u00e9l\u00e9gant. Le couvercle, \u00e9galement en forme de c\u0153ur, est l\u00e9g\u00e8rement bomb\u00e9. C&rsquo;est une petite bo\u00eete parfaite pour ranger des bijoux, alliant esth\u00e9tisme et praticit\u00e9 avec ses touches dor\u00e9es et bleut\u00e9es.<\/p>\n","protected":false},"excerpt":{"rendered":"<p>Cette bo\u00eete \u00e0 bijoux en forme de c\u0153ur est faite de r\u00e9sine \u00e9poxy transparente avec des incrustations de feuilles d&rsquo;or [&hellip;]<\/p>\n","protected":false},"featured_media":2458,"template":"","meta":{"site-sidebar-layout":"default","site-content-layout":"","ast-site-content-layout":"","site-content-style":"default","site-sidebar-style":"default","ast-global-header-display":"","ast-banner-title-visibility":"","ast-main-header-display":"","ast-hfb-above-header-display":"","ast-hfb-below-header-display":"","ast-hfb-mobile-header-display":"","site-post-title":"","ast-breadcrumbs-content":"","ast-featured-img":"","footer-sml-layout":"","theme-transparent-header-meta":"","adv-header-id-meta":"","stick-header-meta":"","header-above-stick-meta":"","header-main-stick-meta":"","header-below-stick-meta":"","astra-migrate-meta-layouts":"default","ast-page-background-enabled":"default","ast-page-background-meta":{"desktop":{"background-color":"var(--ast-global-color-4)","background-image":"","background-repeat":"repeat","background-position":"center center","background-size":"auto","background-attachment":"scroll","background-type":"","background-media":"","overlay-type":"","overlay-color":"","overlay-opacity":"","overlay-gradient":""},"tablet":{"background-color":"","background-image":"","background-repeat":"repeat","background-position":"center center","background-size":"auto","background-attachment":"scroll","background-type":"","background-media":"","overlay-type":"","overlay-color":"","overlay-opacity":"","overlay-gradient":""},"mobile":{"background-color":"","background-image":"","background-repeat":"repeat","background-position":"center center","background-size":"auto","background-attachment":"scroll","background-type":"","background-media":"","overlay-type":"","overlay-color":"","overlay-opacity":"","overlay-gradient":""}},"ast-content-background-meta":{"desktop":{"background-color":"var(--ast-global-color-5)","background-image":"","background-repeat":"repeat","background-position":"center center","background-size":"auto","background-attachment":"scroll","background-type":"","background-media":"","overlay-type":"","overlay-color":"","overlay-opacity":"","overlay-gradient":""},"tablet":{"background-color":"var(--ast-global-color-5)","background-image":"","background-repeat":"repeat","background-position":"center center","background-size":"auto","background-attachment":"scroll","background-type":"","background-media":"","overlay-type":"","overlay-color":"","overlay-opacity":"","overlay-gradient":""},"mobile":{"background-color":"var(--ast-global-color-5)","background-image":"","background-repeat":"repeat","background-position":"center center","background-size":"auto","background-attachment":"scroll","background-type":"","background-media":"","overlay-type":"","overlay-color":"","overlay-opacity":"","overlay-gradient":""}}},"product_brand":[],"product_cat":[15],"product_tag":[],"class_list":{"0":"post-2459","1":"product","2":"type-product","3":"status-publish","4":"has-post-thumbnail","6":"product_cat-uncategorized","7":"desktop-align-left","8":"tablet-align-left","9":"mobile-align-left","11":"first","12":"instock","13":"taxable","14":"shipping-taxable","15":"purchasable","16":"product-type-simple"},"aioseo_notices":[],"jetpack_sharing_enabled":true,"_links":{"self":[{"href":"https:\/\/resinedephoenix.com\/index.php\/wp-json\/wp\/v2\/product\/2459","targetHints":{"allow":["GET"]}}],"collection":[{"href":"https:\/\/resinedephoenix.com\/index.php\/wp-json\/wp\/v2\/product"}],"about":[{"href":"https:\/\/resinedephoenix.com\/index.php\/wp-json\/wp\/v2\/types\/product"}],"wp:featuredmedia":[{"embeddable":true,"href":"https:\/\/resinedephoenix.com\/index.php\/wp-json\/wp\/v2\/media\/2458"}],"wp:attachment":[{"href":"https:\/\/resinedephoenix.com\/index.php\/wp-json\/wp\/v2\/media?parent=2459"}],"wp:term":[{"taxonomy":"product_brand","embeddable":true,"href":"https:\/\/resinedephoenix.com\/index.php\/wp-json\/wp\/v2\/product_brand?post=2459"},{"taxonomy":"product_cat","embeddable":true,"href":"https:\/\/resinedephoenix.com\/index.php\/wp-json\/wp\/v2\/product_cat?post=2459"},{"taxonomy":"product_tag","embeddable":true,"href":"https:\/\/resinedephoenix.com\/index.php\/wp-json\/wp\/v2\/product_tag?post=2459"}],"curies":[{"name":"wp","href":"https:\/\/api.w.org\/{rel}","templated":true}]}}