{"id":2462,"date":"2025-06-01T15:34:16","date_gmt":"2025-06-01T13:34:16","guid":{"rendered":"https:\/\/resinedephoenix.com\/index.php\/product\/creation-welcome-to-guadeloupe\/"},"modified":"2025-12-11T15:43:29","modified_gmt":"2025-12-11T14:43:29","slug":"creation-welcome-to-guadeloupe","status":"publish","type":"product","link":"https:\/\/resinedephoenix.com\/index.php\/product\/creation-welcome-to-guadeloupe\/","title":{"rendered":"Cr\u00e9ation \u00ab\u00a0welcome to Guadeloupe\u00a0\u00bb"},"content":{"rendered":"<p>.<br \/>\n\u00c9vadez-vous en Guadeloupe avec cette \u0153uvre en r\u00e9sine \u00e9poxy et bois, inspir\u00e9e des paysages des Cara\u00efbes. Pi\u00e8ce unique, vendue sans support.<\/p>\n","protected":false},"excerpt":{"rendered":"<p>Cr\u00e9ation artisanale en r\u00e9sine \u00e9poxy &#8211; \u00ab\u00a0Welcome to Guadeloupe\u00a0\u00bb<\/p>\n<p>Apportez une touche unique et tropicale \u00e0 votre int\u00e9rieur avec cette magnifique cr\u00e9ation artisanale en r\u00e9sine \u00e9poxy repr\u00e9sentant les \u00eeles de Guadeloupe.<\/p>\n<p>Ce rond d\u00e9coratif, d\u2019environ de 19 cm diam\u00e8tre, met en valeur les deux parties principales de l\u2019archipel (Basse-Terre et Grande-Terre) d\u00e9coup\u00e9es en bois naturel, incrust\u00e9es dans une mer de r\u00e9sine bleu turquoise \u00e9voquant les eaux cristallines des Cara\u00efbes.<\/p>\n<p>Les \u00eeles des Saintes, Marie Galante et la Desirade sont repr\u00e9sent\u00e9es en r\u00e9sine \u00e9poxy.<\/p>\n<p>Mat\u00e9riaux : R\u00e9sine \u00e9poxy de haute qualit\u00e9 et bois naturel.<\/p>\n<p>Design : Carte stylis\u00e9e de la Guadeloupe avec lettrage \u00ab\u00a0Welcome to Guadeloupe\u00a0\u00bb.<\/p>\n<p>Finition : Brillante, effet \u00ab\u00a0oc\u00e9an\u00a0\u00bb avec nuances bleues et blanches.<\/p>\n<p>Usage : D\u00e9coration murale ou \u00e0 poser (socle non fourni).<\/p>\n<p>\ud83d\udd90\ufe0f Pi\u00e8ce unique \u2013 chaque exemplaire est coul\u00e9 et travaill\u00e9 \u00e0 la main, garantissant une \u0153uvre originale \u00e0 chaque commande.<\/p>\n<p>&gt; \u26a0\ufe0f Le chevalet visible sur les photos n\u2019est pas inclus dans la vente.<\/p>\n<p>Faites entrer un bout de paradis dans votre d\u00e9coration avec cette \u0153uvre color\u00e9e et pleine de charme carib\u00e9en !<\/p>\n<p>&#8212;<\/p>\n","protected":false},"featured_media":2460,"template":"","meta":{"site-sidebar-layout":"default","site-content-layout":"","ast-site-content-layout":"","site-content-style":"default","site-sidebar-style":"default","ast-global-header-display":"","ast-banner-title-visibility":"","ast-main-header-display":"","ast-hfb-above-header-display":"","ast-hfb-below-header-display":"","ast-hfb-mobile-header-display":"","site-post-title":"","ast-breadcrumbs-content":"","ast-featured-img":"","footer-sml-layout":"","theme-transparent-header-meta":"","adv-header-id-meta":"","stick-header-meta":"","header-above-stick-meta":"","header-main-stick-meta":"","header-below-stick-meta":"","astra-migrate-meta-layouts":"default","ast-page-background-enabled":"default","ast-page-background-meta":{"desktop":{"background-color":"var(--ast-global-color-4)","background-image":"","background-repeat":"repeat","background-position":"center center","background-size":"auto","background-attachment":"scroll","background-type":"","background-media":"","overlay-type":"","overlay-color":"","overlay-opacity":"","overlay-gradient":""},"tablet":{"background-color":"","background-image":"","background-repeat":"repeat","background-position":"center center","background-size":"auto","background-attachment":"scroll","background-type":"","background-media":"","overlay-type":"","overlay-color":"","overlay-opacity":"","overlay-gradient":""},"mobile":{"background-color":"","background-image":"","background-repeat":"repeat","background-position":"center center","background-size":"auto","background-attachment":"scroll","background-type":"","background-media":"","overlay-type":"","overlay-color":"","overlay-opacity":"","overlay-gradient":""}},"ast-content-background-meta":{"desktop":{"background-color":"var(--ast-global-color-5)","background-image":"","background-repeat":"repeat","background-position":"center center","background-size":"auto","background-attachment":"scroll","background-type":"","background-media":"","overlay-type":"","overlay-color":"","overlay-opacity":"","overlay-gradient":""},"tablet":{"background-color":"var(--ast-global-color-5)","background-image":"","background-repeat":"repeat","background-position":"center center","background-size":"auto","background-attachment":"scroll","background-type":"","background-media":"","overlay-type":"","overlay-color":"","overlay-opacity":"","overlay-gradient":""},"mobile":{"background-color":"var(--ast-global-color-5)","background-image":"","background-repeat":"repeat","background-position":"center center","background-size":"auto","background-attachment":"scroll","background-type":"","background-media":"","overlay-type":"","overlay-color":"","overlay-opacity":"","overlay-gradient":""}}},"product_brand":[],"product_cat":[26],"product_tag":[],"class_list":{"0":"post-2462","1":"product","2":"type-product","3":"status-publish","4":"has-post-thumbnail","6":"product_cat-decoration","7":"desktop-align-left","8":"tablet-align-left","9":"mobile-align-left","11":"first","12":"onbackorder","13":"taxable","14":"shipping-taxable","15":"purchasable","16":"product-type-simple"},"aioseo_notices":[],"jetpack_sharing_enabled":true,"_links":{"self":[{"href":"https:\/\/resinedephoenix.com\/index.php\/wp-json\/wp\/v2\/product\/2462","targetHints":{"allow":["GET"]}}],"collection":[{"href":"https:\/\/resinedephoenix.com\/index.php\/wp-json\/wp\/v2\/product"}],"about":[{"href":"https:\/\/resinedephoenix.com\/index.php\/wp-json\/wp\/v2\/types\/product"}],"wp:featuredmedia":[{"embeddable":true,"href":"https:\/\/resinedephoenix.com\/index.php\/wp-json\/wp\/v2\/media\/2460"}],"wp:attachment":[{"href":"https:\/\/resinedephoenix.com\/index.php\/wp-json\/wp\/v2\/media?parent=2462"}],"wp:term":[{"taxonomy":"product_brand","embeddable":true,"href":"https:\/\/resinedephoenix.com\/index.php\/wp-json\/wp\/v2\/product_brand?post=2462"},{"taxonomy":"product_cat","embeddable":true,"href":"https:\/\/resinedephoenix.com\/index.php\/wp-json\/wp\/v2\/product_cat?post=2462"},{"taxonomy":"product_tag","embeddable":true,"href":"https:\/\/resinedephoenix.com\/index.php\/wp-json\/wp\/v2\/product_tag?post=2462"}],"curies":[{"name":"wp","href":"https:\/\/api.w.org\/{rel}","templated":true}]}}