{"id":2468,"date":"2025-11-02T17:20:39","date_gmt":"2025-11-02T16:20:39","guid":{"rendered":"https:\/\/resinedephoenix.com\/index.php\/product\/jeu-de-dominos-en-resine-epoxy-modele-bleu-noir-violet\/"},"modified":"2025-11-02T18:27:39","modified_gmt":"2025-11-02T17:27:39","slug":"jeu-de-dominos-en-resine-epoxy-modele-bleu-noir-violet","status":"publish","type":"product","link":"https:\/\/resinedephoenix.com\/index.php\/product\/jeu-de-dominos-en-resine-epoxy-modele-bleu-noir-violet\/","title":{"rendered":"Jeu de dominos en r\u00e9sine \u00e9poxy \u2013 Mod\u00e8le bleu, noir &amp; violet \u267f"},"content":{"rendered":"<p>Un jeu de dominos revisit\u00e9 fa\u00e7on artisanat moderne :<br \/>\ndos blanc, lisse et brillant,<br \/>\nfaces color\u00e9es en d\u00e9grad\u00e9s de bleu, violet et noir, avec des points blancs bien lisibles.<\/p>\n<p>Chaque pi\u00e8ce est coul\u00e9e \u00e0 la main, ce qui rend le jeu unique :<br \/>\npas deux dominos identiques, mais un ensemble harmonieux, \u00e0 la fois sobre et \u00e9l\u00e9gant.<br \/>\nUn bel \u00e9quilibre entre jeu traditionnel et objet d\u00e9coratif.<\/p>\n<p>Livr\u00e9 dans un pochon en organza, pr\u00eat \u00e0 offrir ou \u00e0 jouer.<\/p>\n","protected":false},"excerpt":{"rendered":"<p>Jeu de dominos artisanal en r\u00e9sine \u00e9poxy<\/p>\n<p>Dominos faits main avec dos blanc brillant et faces en r\u00e9sine color\u00e9e bleu, violet et noir. Points blancs pour une lecture claire. Un jeu \u00e9l\u00e9gant et unique, \u00e0 offrir ou \u00e0 jouer, livr\u00e9 dans son pochon organza.<\/p>\n","protected":false},"featured_media":2466,"template":"","meta":{"site-sidebar-layout":"default","site-content-layout":"","ast-site-content-layout":"","site-content-style":"default","site-sidebar-style":"default","ast-global-header-display":"","ast-banner-title-visibility":"","ast-main-header-display":"","ast-hfb-above-header-display":"","ast-hfb-below-header-display":"","ast-hfb-mobile-header-display":"","site-post-title":"","ast-breadcrumbs-content":"","ast-featured-img":"","footer-sml-layout":"","theme-transparent-header-meta":"","adv-header-id-meta":"","stick-header-meta":"","header-above-stick-meta":"","header-main-stick-meta":"","header-below-stick-meta":"","astra-migrate-meta-layouts":"default","ast-page-background-enabled":"default","ast-page-background-meta":{"desktop":{"background-color":"var(--ast-global-color-4)","background-image":"","background-repeat":"repeat","background-position":"center center","background-size":"auto","background-attachment":"scroll","background-type":"","background-media":"","overlay-type":"","overlay-color":"","overlay-opacity":"","overlay-gradient":""},"tablet":{"background-color":"","background-image":"","background-repeat":"repeat","background-position":"center center","background-size":"auto","background-attachment":"scroll","background-type":"","background-media":"","overlay-type":"","overlay-color":"","overlay-opacity":"","overlay-gradient":""},"mobile":{"background-color":"","background-image":"","background-repeat":"repeat","background-position":"center center","background-size":"auto","background-attachment":"scroll","background-type":"","background-media":"","overlay-type":"","overlay-color":"","overlay-opacity":"","overlay-gradient":""}},"ast-content-background-meta":{"desktop":{"background-color":"var(--ast-global-color-5)","background-image":"","background-repeat":"repeat","background-position":"center center","background-size":"auto","background-attachment":"scroll","background-type":"","background-media":"","overlay-type":"","overlay-color":"","overlay-opacity":"","overlay-gradient":""},"tablet":{"background-color":"var(--ast-global-color-5)","background-image":"","background-repeat":"repeat","background-position":"center center","background-size":"auto","background-attachment":"scroll","background-type":"","background-media":"","overlay-type":"","overlay-color":"","overlay-opacity":"","overlay-gradient":""},"mobile":{"background-color":"var(--ast-global-color-5)","background-image":"","background-repeat":"repeat","background-position":"center center","background-size":"auto","background-attachment":"scroll","background-type":"","background-media":"","overlay-type":"","overlay-color":"","overlay-opacity":"","overlay-gradient":""}}},"product_brand":[],"product_cat":[28],"product_tag":[],"class_list":{"0":"post-2468","1":"product","2":"type-product","3":"status-publish","4":"has-post-thumbnail","6":"product_cat-jeux","7":"desktop-align-left","8":"tablet-align-left","9":"mobile-align-left","11":"first","12":"instock","13":"sale","14":"taxable","15":"shipping-taxable","16":"purchasable","17":"product-type-simple"},"aioseo_notices":[],"jetpack_sharing_enabled":true,"_links":{"self":[{"href":"https:\/\/resinedephoenix.com\/index.php\/wp-json\/wp\/v2\/product\/2468","targetHints":{"allow":["GET"]}}],"collection":[{"href":"https:\/\/resinedephoenix.com\/index.php\/wp-json\/wp\/v2\/product"}],"about":[{"href":"https:\/\/resinedephoenix.com\/index.php\/wp-json\/wp\/v2\/types\/product"}],"wp:featuredmedia":[{"embeddable":true,"href":"https:\/\/resinedephoenix.com\/index.php\/wp-json\/wp\/v2\/media\/2466"}],"wp:attachment":[{"href":"https:\/\/resinedephoenix.com\/index.php\/wp-json\/wp\/v2\/media?parent=2468"}],"wp:term":[{"taxonomy":"product_brand","embeddable":true,"href":"https:\/\/resinedephoenix.com\/index.php\/wp-json\/wp\/v2\/product_brand?post=2468"},{"taxonomy":"product_cat","embeddable":true,"href":"https:\/\/resinedephoenix.com\/index.php\/wp-json\/wp\/v2\/product_cat?post=2468"},{"taxonomy":"product_tag","embeddable":true,"href":"https:\/\/resinedephoenix.com\/index.php\/wp-json\/wp\/v2\/product_tag?post=2468"}],"curies":[{"name":"wp","href":"https:\/\/api.w.org\/{rel}","templated":true}]}}