{"id":2478,"date":"2025-12-06T20:28:14","date_gmt":"2025-12-06T19:28:14","guid":{"rendered":"https:\/\/resinedephoenix.com\/index.php\/product\/plateau-geode-vert-turquoise\/"},"modified":"2025-12-06T20:28:14","modified_gmt":"2025-12-06T19:28:14","slug":"plateau-geode-vert-turquoise","status":"publish","type":"product","link":"https:\/\/resinedephoenix.com\/index.php\/product\/plateau-geode-vert-turquoise\/","title":{"rendered":"Plateau g\u00e9ode vert turquoise"},"content":{"rendered":"<p>Apportez une touche d\u2019\u00e9l\u00e9gance \u00e0 votre int\u00e9rieur avec ce plateau g\u00e9ode en r\u00e9sine \u00e9poxy, enti\u00e8rement r\u00e9alis\u00e9 \u00e0 la main. Ses nuances vert turquoise \u00e9voquent les eaux cristallines des lagons, tandis que les strass argent\u00e9s offrent une brillance subtile et raffin\u00e9e sur l\u2019un des c\u00f4t\u00e9s.<br \/>\nChaque cr\u00e9ation est unique : les effets de profondeur, les contours irr\u00e9guliers caract\u00e9ristiques du style g\u00e9ode et les \u00e9clats lumineux se forment naturellement lors du travail de la r\u00e9sine, donnant naissance \u00e0 une pi\u00e8ce au charme singulier.<\/p>\n<p>Id\u00e9al pour pr\u00e9senter vos caf\u00e9s, vos gourmandises, vos bijoux ou simplement pour sublimer votre d\u00e9coration, ce plateau allie esth\u00e9tique et fonctionnalit\u00e9.<br \/>\nSes poign\u00e9es m\u00e9talliques assurent une prise en main confortable et apportent une touche moderne qui contraste \u00e9l\u00e9gamment avec l\u2019effet min\u00e9ral du plateau.<\/p>\n<p>Dimensions : 34 cm x 24 cm<br \/>\n\u2728 Vendu sans les verres<br \/>\nPi\u00e8ce unique \u2013 fabrication artisanale.<\/p>\n","protected":false},"excerpt":{"rendered":"<p>Plateau g\u00e9ode en r\u00e9sine \u00e9poxy vert turquoise agr\u00e9ment\u00e9 de strass argent\u00e9s. Une pi\u00e8ce lumineuse, \u00e9l\u00e9gante et enti\u00e8rement faite main.<br \/>\nDimensions : 34 cm x 24 cm<br \/>\n\u2728 Vendu sans les verres<\/p>\n","protected":false},"featured_media":2475,"template":"","meta":{"site-sidebar-layout":"default","site-content-layout":"","ast-site-content-layout":"","site-content-style":"default","site-sidebar-style":"default","ast-global-header-display":"","ast-banner-title-visibility":"","ast-main-header-display":"","ast-hfb-above-header-display":"","ast-hfb-below-header-display":"","ast-hfb-mobile-header-display":"","site-post-title":"","ast-breadcrumbs-content":"","ast-featured-img":"","footer-sml-layout":"","theme-transparent-header-meta":"","adv-header-id-meta":"","stick-header-meta":"","header-above-stick-meta":"","header-main-stick-meta":"","header-below-stick-meta":"","astra-migrate-meta-layouts":"default","ast-page-background-enabled":"default","ast-page-background-meta":{"desktop":{"background-color":"var(--ast-global-color-4)","background-image":"","background-repeat":"repeat","background-position":"center center","background-size":"auto","background-attachment":"scroll","background-type":"","background-media":"","overlay-type":"","overlay-color":"","overlay-opacity":"","overlay-gradient":""},"tablet":{"background-color":"","background-image":"","background-repeat":"repeat","background-position":"center center","background-size":"auto","background-attachment":"scroll","background-type":"","background-media":"","overlay-type":"","overlay-color":"","overlay-opacity":"","overlay-gradient":""},"mobile":{"background-color":"","background-image":"","background-repeat":"repeat","background-position":"center center","background-size":"auto","background-attachment":"scroll","background-type":"","background-media":"","overlay-type":"","overlay-color":"","overlay-opacity":"","overlay-gradient":""}},"ast-content-background-meta":{"desktop":{"background-color":"var(--ast-global-color-5)","background-image":"","background-repeat":"repeat","background-position":"center center","background-size":"auto","background-attachment":"scroll","background-type":"","background-media":"","overlay-type":"","overlay-color":"","overlay-opacity":"","overlay-gradient":""},"tablet":{"background-color":"var(--ast-global-color-5)","background-image":"","background-repeat":"repeat","background-position":"center center","background-size":"auto","background-attachment":"scroll","background-type":"","background-media":"","overlay-type":"","overlay-color":"","overlay-opacity":"","overlay-gradient":""},"mobile":{"background-color":"var(--ast-global-color-5)","background-image":"","background-repeat":"repeat","background-position":"center center","background-size":"auto","background-attachment":"scroll","background-type":"","background-media":"","overlay-type":"","overlay-color":"","overlay-opacity":"","overlay-gradient":""}}},"product_brand":[],"product_cat":[31,26],"product_tag":[],"class_list":{"0":"post-2478","1":"product","2":"type-product","3":"status-publish","4":"has-post-thumbnail","6":"product_cat-plateau","7":"product_cat-decoration","8":"desktop-align-left","9":"tablet-align-left","10":"mobile-align-left","12":"first","13":"instock","14":"taxable","15":"shipping-taxable","16":"purchasable","17":"product-type-simple"},"aioseo_notices":[],"jetpack_sharing_enabled":true,"_links":{"self":[{"href":"https:\/\/resinedephoenix.com\/index.php\/wp-json\/wp\/v2\/product\/2478","targetHints":{"allow":["GET"]}}],"collection":[{"href":"https:\/\/resinedephoenix.com\/index.php\/wp-json\/wp\/v2\/product"}],"about":[{"href":"https:\/\/resinedephoenix.com\/index.php\/wp-json\/wp\/v2\/types\/product"}],"wp:featuredmedia":[{"embeddable":true,"href":"https:\/\/resinedephoenix.com\/index.php\/wp-json\/wp\/v2\/media\/2475"}],"wp:attachment":[{"href":"https:\/\/resinedephoenix.com\/index.php\/wp-json\/wp\/v2\/media?parent=2478"}],"wp:term":[{"taxonomy":"product_brand","embeddable":true,"href":"https:\/\/resinedephoenix.com\/index.php\/wp-json\/wp\/v2\/product_brand?post=2478"},{"taxonomy":"product_cat","embeddable":true,"href":"https:\/\/resinedephoenix.com\/index.php\/wp-json\/wp\/v2\/product_cat?post=2478"},{"taxonomy":"product_tag","embeddable":true,"href":"https:\/\/resinedephoenix.com\/index.php\/wp-json\/wp\/v2\/product_tag?post=2478"}],"curies":[{"name":"wp","href":"https:\/\/api.w.org\/{rel}","templated":true}]}}