{"id":295,"date":"2024-03-23T16:53:22","date_gmt":"2024-03-23T15:53:22","guid":{"rendered":"https:\/\/resinedephoenix.com\/?post_type=product&#038;p=295"},"modified":"2024-11-28T09:06:35","modified_gmt":"2024-11-28T08:06:35","slug":"figurine-lapin-en-resine-epoxy","status":"publish","type":"product","link":"https:\/\/resinedephoenix.com\/index.php\/product\/figurine-lapin-en-resine-epoxy\/","title":{"rendered":"Figurine Lapin de P\u00e2ques"},"content":{"rendered":"<p>Id\u00e9al pour les f\u00eates de P\u00e2ques ou fan de lapin.<\/p>\n","protected":false},"excerpt":{"rendered":"<p>Ajoutez une touche de charme et de douceur \u00e0 votre d\u00e9cor avec notre adorable figurine de lapin en r\u00e9sine \u00e9poxy. Cette pi\u00e8ce d\u00e9licate et \u00e9l\u00e9gante capture la gr\u00e2ce et l\u2019innocence de cet animal embl\u00e9matique de fa\u00e7on saisissante.<\/p>\n<p>Faite avec pr\u00e9cision et attention aux d\u00e9tails, cette figurine de lapin pr\u00e9sente une finition brillante qui met en valeur les reflets chatoyants de la r\u00e9sine \u00e9poxy.<\/p>\n<p>Que vous souhaitiez agr\u00e9menter votre \u00e9tag\u00e8re, embellir votre bureau ou simplement offrir un cadeau charmant \u00e0 un ami ou \u00e0 un enfant, notre figurine de lapin en r\u00e9sine \u00e9poxy sera un ajout parfait \u00e0 tout int\u00e9rieur. Son allure douce et sa pr\u00e9sence apaisante en font un objet de d\u00e9coration id\u00e9al pour les amoureux des animaux et les passionn\u00e9s d\u2019artisanat.<\/p>\n<p>Cette figurine de lapin en r\u00e9sine \u00e9poxy est non seulement une \u0153uvre d\u2019art \u00e0 admirer, mais aussi un symbole de tendresse et de joie de vivre. Son design intemporel en fait un \u00e9l\u00e9ment de d\u00e9coration qui trouvera sa place dans n\u2019importe quel style de d\u00e9coration int\u00e9rieure.<\/p>\n<p>Caract\u00e9ristiques :<\/p>\n<ul>\n<li>Mat\u00e9riau : R\u00e9sine \u00e9poxy de haute qualit\u00e9<\/li>\n<li>Dimensions : 14 cm X 13 cm<\/li>\n<li>Couleur : blanc et bleu ( avec petit noeud bl<u>anc et boutons bleus)<\/u><\/li>\n<li>Finition : Brillante<\/li>\n<\/ul>\n<p>Remarque : Comme chaque pi\u00e8ce est unique et fabriqu\u00e9e \u00e0 la main, de l\u00e9g\u00e8res variations peuvent appara\u00eetre par rapport aux images pr\u00e9sent\u00e9es.<\/p>\n<p>Ajoutez d\u00e8s maintenant cette figurine de lapin en r\u00e9sine \u00e9poxy \u00e0 votre collection et laissez-vous enchanter par sa beaut\u00e9 d\u00e9licate et son charme intemporel.<\/p>\n","protected":false},"featured_media":2284,"template":"","meta":{"site-sidebar-layout":"default","site-content-layout":"","ast-site-content-layout":"default","site-content-style":"default","site-sidebar-style":"default","ast-global-header-display":"","ast-banner-title-visibility":"","ast-main-header-display":"","ast-hfb-above-header-display":"","ast-hfb-below-header-display":"","ast-hfb-mobile-header-display":"","site-post-title":"","ast-breadcrumbs-content":"","ast-featured-img":"","footer-sml-layout":"","theme-transparent-header-meta":"default","adv-header-id-meta":"","stick-header-meta":"","header-above-stick-meta":"","header-main-stick-meta":"","header-below-stick-meta":"","astra-migrate-meta-layouts":"set","ast-page-background-enabled":"default","ast-page-background-meta":{"desktop":{"background-color":"var(--ast-global-color-4)","background-image":"","background-repeat":"repeat","background-position":"center center","background-size":"auto","background-attachment":"scroll","background-type":"","background-media":"","overlay-type":"","overlay-color":"","overlay-opacity":"","overlay-gradient":""},"tablet":{"background-color":"","background-image":"","background-repeat":"repeat","background-position":"center center","background-size":"auto","background-attachment":"scroll","background-type":"","background-media":"","overlay-type":"","overlay-color":"","overlay-opacity":"","overlay-gradient":""},"mobile":{"background-color":"","background-image":"","background-repeat":"repeat","background-position":"center center","background-size":"auto","background-attachment":"scroll","background-type":"","background-media":"","overlay-type":"","overlay-color":"","overlay-opacity":"","overlay-gradient":""}},"ast-content-background-meta":{"desktop":{"background-color":"var(--ast-global-color-5)","background-image":"","background-repeat":"repeat","background-position":"center center","background-size":"auto","background-attachment":"scroll","background-type":"","background-media":"","overlay-type":"","overlay-color":"","overlay-opacity":"","overlay-gradient":""},"tablet":{"background-color":"var(--ast-global-color-5)","background-image":"","background-repeat":"repeat","background-position":"center center","background-size":"auto","background-attachment":"scroll","background-type":"","background-media":"","overlay-type":"","overlay-color":"","overlay-opacity":"","overlay-gradient":""},"mobile":{"background-color":"var(--ast-global-color-5)","background-image":"","background-repeat":"repeat","background-position":"center center","background-size":"auto","background-attachment":"scroll","background-type":"","background-media":"","overlay-type":"","overlay-color":"","overlay-opacity":"","overlay-gradient":""}}},"product_brand":[],"product_cat":[24,27],"product_tag":[],"class_list":{"0":"post-295","1":"product","2":"type-product","3":"status-publish","4":"has-post-thumbnail","6":"product_cat-animaux","7":"product_cat-de-saison","8":"desktop-align-left","9":"tablet-align-left","10":"mobile-align-left","12":"first","13":"instock","14":"taxable","15":"shipping-taxable","16":"purchasable","17":"product-type-simple"},"aioseo_notices":[],"jetpack_sharing_enabled":true,"_links":{"self":[{"href":"https:\/\/resinedephoenix.com\/index.php\/wp-json\/wp\/v2\/product\/295","targetHints":{"allow":["GET"]}}],"collection":[{"href":"https:\/\/resinedephoenix.com\/index.php\/wp-json\/wp\/v2\/product"}],"about":[{"href":"https:\/\/resinedephoenix.com\/index.php\/wp-json\/wp\/v2\/types\/product"}],"wp:featuredmedia":[{"embeddable":true,"href":"https:\/\/resinedephoenix.com\/index.php\/wp-json\/wp\/v2\/media\/2284"}],"wp:attachment":[{"href":"https:\/\/resinedephoenix.com\/index.php\/wp-json\/wp\/v2\/media?parent=295"}],"wp:term":[{"taxonomy":"product_brand","embeddable":true,"href":"https:\/\/resinedephoenix.com\/index.php\/wp-json\/wp\/v2\/product_brand?post=295"},{"taxonomy":"product_cat","embeddable":true,"href":"https:\/\/resinedephoenix.com\/index.php\/wp-json\/wp\/v2\/product_cat?post=295"},{"taxonomy":"product_tag","embeddable":true,"href":"https:\/\/resinedephoenix.com\/index.php\/wp-json\/wp\/v2\/product_tag?post=295"}],"curies":[{"name":"wp","href":"https:\/\/api.w.org\/{rel}","templated":true}]}}