{"id":308,"date":"2024-03-23T17:46:53","date_gmt":"2024-03-23T16:46:53","guid":{"rendered":"https:\/\/resinedephoenix.com\/?post_type=product&#038;p=308"},"modified":"2024-10-03T14:37:09","modified_gmt":"2024-10-03T12:37:09","slug":"boite-a-bijoux","status":"publish","type":"product","link":"https:\/\/resinedephoenix.com\/index.php\/product\/boite-a-bijoux\/","title":{"rendered":"Bo\u00eete \u00e0 Bijoux \u00ab\u00a0carrousel\u00a0\u00bb"},"content":{"rendered":"","protected":false},"excerpt":{"rendered":"<p>Gardez vos bijoux en s\u00e9curit\u00e9 tout en ajoutant une touche de sophistication \u00e0 votre espace de rangement avec notre superbe bo\u00eete \u00e0 bijoux en r\u00e9sine \u00e9poxy. Cette pi\u00e8ce d\u00e9licate et \u00e9l\u00e9gante est l\u2019accessoire parfait pour ranger et mettre en valeur vos pr\u00e9cieuses parures.<\/p>\n<p>Fabriqu\u00e9e avec soin et souci du d\u00e9tail, cette bo\u00eete \u00e0 bijoux pr\u00e9sente un design raffin\u00e9 et moderne qui en fera un \u00e9l\u00e9ment d\u00e9coratif \u00e0 part enti\u00e8re dans votre chambre ou votre dressing. La transparence chatoyantes de la r\u00e9sine \u00e9poxy ajoutent une touche de brillance et de glamour \u00e0 cet accessoire indispensable.<\/p>\n<p>Que vous conserviez vos bagues, vos boucles d\u2019oreilles ou vos bracelets, notre bo\u00eete \u00e0 bijoux en r\u00e9sine \u00e9poxy vous offrira un espace s\u00fbr et organis\u00e9 pour ranger vos tr\u00e9sors. Assortie de strass, cette boite a bijoux est parfaite pour sublimer vos bijoux. Cette bo\u00eete \u00e0 bijoux en r\u00e9sine \u00e9poxy est \u00e9galement un cadeau parfait pour les occasions sp\u00e9ciales telles que les anniversaires, les mariages ou les f\u00eates des m\u00e8res. Son design intemporel en fait un objet qui ne manquera pas de s\u00e9duire et de ravir vos proches.<\/p>\n<p>Caract\u00e9ristiques :<\/p>\n<ul>\n<li>Mat\u00e9riau : R\u00e9sine \u00e9poxy de haute qualit\u00e9<\/li>\n<li>Dimensions : 10 cm X 8 cm<\/li>\n<li>Couleur : transparent et strass<\/li>\n<li>Finition : Brillante<\/li>\n<\/ul>\n<p>Remarque : Comme chaque pi\u00e8ce est unique et fabriqu\u00e9e \u00e0 la main, de l\u00e9g\u00e8res variations peuvent appara\u00eetre par rapport aux images pr\u00e9sent\u00e9es.<\/p>\n<p>Ajoutez d\u00e8s maintenant notre bo\u00eete \u00e0 bijoux en r\u00e9sine \u00e9poxy \u00e0 votre collection d\u2019accessoires et offrez \u00e0 vos bijoux un \u00e9crin digne de leur pr\u00e9ciosit\u00e9.<\/p>\n","protected":false},"featured_media":1382,"template":"","meta":{"site-sidebar-layout":"default","site-content-layout":"","ast-site-content-layout":"default","site-content-style":"default","site-sidebar-style":"default","ast-global-header-display":"","ast-banner-title-visibility":"","ast-main-header-display":"","ast-hfb-above-header-display":"","ast-hfb-below-header-display":"","ast-hfb-mobile-header-display":"","site-post-title":"","ast-breadcrumbs-content":"","ast-featured-img":"","footer-sml-layout":"","theme-transparent-header-meta":"default","adv-header-id-meta":"","stick-header-meta":"","header-above-stick-meta":"","header-main-stick-meta":"","header-below-stick-meta":"","astra-migrate-meta-layouts":"set","ast-page-background-enabled":"default","ast-page-background-meta":{"desktop":{"background-color":"var(--ast-global-color-4)","background-image":"","background-repeat":"repeat","background-position":"center center","background-size":"auto","background-attachment":"scroll","background-type":"","background-media":"","overlay-type":"","overlay-color":"","overlay-opacity":"","overlay-gradient":""},"tablet":{"background-color":"","background-image":"","background-repeat":"repeat","background-position":"center center","background-size":"auto","background-attachment":"scroll","background-type":"","background-media":"","overlay-type":"","overlay-color":"","overlay-opacity":"","overlay-gradient":""},"mobile":{"background-color":"","background-image":"","background-repeat":"repeat","background-position":"center center","background-size":"auto","background-attachment":"scroll","background-type":"","background-media":"","overlay-type":"","overlay-color":"","overlay-opacity":"","overlay-gradient":""}},"ast-content-background-meta":{"desktop":{"background-color":"var(--ast-global-color-5)","background-image":"","background-repeat":"repeat","background-position":"center center","background-size":"auto","background-attachment":"scroll","background-type":"","background-media":"","overlay-type":"","overlay-color":"","overlay-opacity":"","overlay-gradient":""},"tablet":{"background-color":"var(--ast-global-color-5)","background-image":"","background-repeat":"repeat","background-position":"center center","background-size":"auto","background-attachment":"scroll","background-type":"","background-media":"","overlay-type":"","overlay-color":"","overlay-opacity":"","overlay-gradient":""},"mobile":{"background-color":"var(--ast-global-color-5)","background-image":"","background-repeat":"repeat","background-position":"center center","background-size":"auto","background-attachment":"scroll","background-type":"","background-media":"","overlay-type":"","overlay-color":"","overlay-opacity":"","overlay-gradient":""}}},"product_brand":[],"product_cat":[25],"product_tag":[],"class_list":{"0":"post-308","1":"product","2":"type-product","3":"status-publish","4":"has-post-thumbnail","6":"product_cat-accessoire","7":"desktop-align-left","8":"tablet-align-left","9":"mobile-align-left","11":"first","12":"instock","13":"taxable","14":"shipping-taxable","15":"purchasable","16":"product-type-simple"},"aioseo_notices":[],"jetpack_sharing_enabled":true,"_links":{"self":[{"href":"https:\/\/resinedephoenix.com\/index.php\/wp-json\/wp\/v2\/product\/308","targetHints":{"allow":["GET"]}}],"collection":[{"href":"https:\/\/resinedephoenix.com\/index.php\/wp-json\/wp\/v2\/product"}],"about":[{"href":"https:\/\/resinedephoenix.com\/index.php\/wp-json\/wp\/v2\/types\/product"}],"wp:featuredmedia":[{"embeddable":true,"href":"https:\/\/resinedephoenix.com\/index.php\/wp-json\/wp\/v2\/media\/1382"}],"wp:attachment":[{"href":"https:\/\/resinedephoenix.com\/index.php\/wp-json\/wp\/v2\/media?parent=308"}],"wp:term":[{"taxonomy":"product_brand","embeddable":true,"href":"https:\/\/resinedephoenix.com\/index.php\/wp-json\/wp\/v2\/product_brand?post=308"},{"taxonomy":"product_cat","embeddable":true,"href":"https:\/\/resinedephoenix.com\/index.php\/wp-json\/wp\/v2\/product_cat?post=308"},{"taxonomy":"product_tag","embeddable":true,"href":"https:\/\/resinedephoenix.com\/index.php\/wp-json\/wp\/v2\/product_tag?post=308"}],"curies":[{"name":"wp","href":"https:\/\/api.w.org\/{rel}","templated":true}]}}