{"id":309,"date":"2024-03-23T17:48:52","date_gmt":"2024-03-23T16:48:52","guid":{"rendered":"https:\/\/resinedephoenix.com\/?post_type=product&#038;p=309"},"modified":"2025-12-21T13:40:49","modified_gmt":"2025-12-21T12:40:49","slug":"vide-poche-ovale","status":"publish","type":"product","link":"https:\/\/resinedephoenix.com\/index.php\/product\/vide-poche-ovale\/","title":{"rendered":"Vide-Poche Ovale ( Guadeloupe)"},"content":{"rendered":"","protected":false},"excerpt":{"rendered":"<p>Ajoutez une touche de raffinement et d\u2019organisation \u00e0 votre espace de vie avec notre superbe vide-poche ovale en r\u00e9sine \u00e9poxy. Ce vide-poche  aux couleurs de la Guadeloupe,allie fonctionnalit\u00e9 et esth\u00e9tique pour vous offrir un accessoire pratique et \u00e9l\u00e9gant au quotidien.<\/p>\n<p>Fabriqu\u00e9 avec soin et souci du d\u00e9tail, ce vide-poche ovale aux couleurs de la Guadeloupe,pr\u00e9sente un design \u00e9pur\u00e9 et moderne qui en fera un \u00e9l\u00e9ment d\u00e9coratif \u00e0 part enti\u00e8re dans votre salon, votre entr\u00e9e ou votre chambre \u00e0 coucher. Les reflets chatoyants de la r\u00e9sine \u00e9poxy ajoutent une touche de brillance et de sophistication \u00e0 cet accessoire indispensable.<\/p>\n<p>Que vous y d\u00e9posiez vos cl\u00e9s, votre monnaie, vos bijoux ou tout autre petit objet, notre vide-poche en r\u00e9sine \u00e9poxy vous offrira un espace de rangement pratique et \u00e9l\u00e9gant. Sa forme ovale permet de ranger vos affaires de mani\u00e8re organis\u00e9e tout en ajoutant une touche de style \u00e0 votre d\u00e9coration int\u00e9rieure. Ce vide-poche en r\u00e9sine \u00e9poxy est \u00e9galement un cadeau id\u00e9al pour les amis, la famille ou toute personne \u00e0 la recherche d\u2019un accessoire de d\u00e9coration fonctionnel et \u00e9l\u00e9gant. Son design intemporel en fait un objet qui ne manquera pas de s\u00e9duire et de ravir vos proches.<\/p>\n<p>Caract\u00e9ristiques :<\/p>\n<ul>\n<li>Mat\u00e9riau : R\u00e9sine \u00e9poxy de haute qualit\u00e9<\/li>\n<li>Dimensions : 17,5 cm X 9 cm<\/li>\n<li>Couleur : vert, jaune,vert, transparent<\/li>\n<li>Forme : Ovale<\/li>\n<li>Finition : Brillante<\/li>\n<\/ul>\n<p>Remarque : Comme chaque pi\u00e8ce est unique et fabriqu\u00e9e \u00e0 la main, de l\u00e9g\u00e8res variations peuvent appara\u00eetre par rapport aux images pr\u00e9sent\u00e9es.<\/p>\n<p>Ajoutez d\u00e8s maintenant notre vide-poche ovale en r\u00e9sine \u00e9poxy \u00e0 votre d\u00e9coration int\u00e9rieure et profitez de son style et de sa praticit\u00e9 au quotidien.<\/p>\n","protected":false},"featured_media":1396,"template":"","meta":{"site-sidebar-layout":"default","site-content-layout":"","ast-site-content-layout":"default","site-content-style":"default","site-sidebar-style":"default","ast-global-header-display":"","ast-banner-title-visibility":"","ast-main-header-display":"","ast-hfb-above-header-display":"","ast-hfb-below-header-display":"","ast-hfb-mobile-header-display":"","site-post-title":"","ast-breadcrumbs-content":"","ast-featured-img":"","footer-sml-layout":"","theme-transparent-header-meta":"default","adv-header-id-meta":"","stick-header-meta":"","header-above-stick-meta":"","header-main-stick-meta":"","header-below-stick-meta":"","astra-migrate-meta-layouts":"set","ast-page-background-enabled":"default","ast-page-background-meta":{"desktop":{"background-color":"var(--ast-global-color-4)","background-image":"","background-repeat":"repeat","background-position":"center center","background-size":"auto","background-attachment":"scroll","background-type":"","background-media":"","overlay-type":"","overlay-color":"","overlay-opacity":"","overlay-gradient":""},"tablet":{"background-color":"","background-image":"","background-repeat":"repeat","background-position":"center center","background-size":"auto","background-attachment":"scroll","background-type":"","background-media":"","overlay-type":"","overlay-color":"","overlay-opacity":"","overlay-gradient":""},"mobile":{"background-color":"","background-image":"","background-repeat":"repeat","background-position":"center center","background-size":"auto","background-attachment":"scroll","background-type":"","background-media":"","overlay-type":"","overlay-color":"","overlay-opacity":"","overlay-gradient":""}},"ast-content-background-meta":{"desktop":{"background-color":"var(--ast-global-color-5)","background-image":"","background-repeat":"repeat","background-position":"center center","background-size":"auto","background-attachment":"scroll","background-type":"","background-media":"","overlay-type":"","overlay-color":"","overlay-opacity":"","overlay-gradient":""},"tablet":{"background-color":"var(--ast-global-color-5)","background-image":"","background-repeat":"repeat","background-position":"center center","background-size":"auto","background-attachment":"scroll","background-type":"","background-media":"","overlay-type":"","overlay-color":"","overlay-opacity":"","overlay-gradient":""},"mobile":{"background-color":"var(--ast-global-color-5)","background-image":"","background-repeat":"repeat","background-position":"center center","background-size":"auto","background-attachment":"scroll","background-type":"","background-media":"","overlay-type":"","overlay-color":"","overlay-opacity":"","overlay-gradient":""}}},"product_brand":[],"product_cat":[25],"product_tag":[],"class_list":{"0":"post-309","1":"product","2":"type-product","3":"status-publish","4":"has-post-thumbnail","6":"product_cat-accessoire","7":"product_shipping_class-colis-leger","8":"desktop-align-left","9":"tablet-align-left","10":"mobile-align-left","12":"first","13":"instock","14":"taxable","15":"shipping-taxable","16":"purchasable","17":"product-type-simple"},"aioseo_notices":[],"jetpack_sharing_enabled":true,"_links":{"self":[{"href":"https:\/\/resinedephoenix.com\/index.php\/wp-json\/wp\/v2\/product\/309","targetHints":{"allow":["GET"]}}],"collection":[{"href":"https:\/\/resinedephoenix.com\/index.php\/wp-json\/wp\/v2\/product"}],"about":[{"href":"https:\/\/resinedephoenix.com\/index.php\/wp-json\/wp\/v2\/types\/product"}],"wp:featuredmedia":[{"embeddable":true,"href":"https:\/\/resinedephoenix.com\/index.php\/wp-json\/wp\/v2\/media\/1396"}],"wp:attachment":[{"href":"https:\/\/resinedephoenix.com\/index.php\/wp-json\/wp\/v2\/media?parent=309"}],"wp:term":[{"taxonomy":"product_brand","embeddable":true,"href":"https:\/\/resinedephoenix.com\/index.php\/wp-json\/wp\/v2\/product_brand?post=309"},{"taxonomy":"product_cat","embeddable":true,"href":"https:\/\/resinedephoenix.com\/index.php\/wp-json\/wp\/v2\/product_cat?post=309"},{"taxonomy":"product_tag","embeddable":true,"href":"https:\/\/resinedephoenix.com\/index.php\/wp-json\/wp\/v2\/product_tag?post=309"}],"curies":[{"name":"wp","href":"https:\/\/api.w.org\/{rel}","templated":true}]}}