{"id":311,"date":"2024-03-23T17:51:28","date_gmt":"2024-03-23T16:51:28","guid":{"rendered":"https:\/\/resinedephoenix.com\/?post_type=product&#038;p=311"},"modified":"2025-12-11T16:12:49","modified_gmt":"2025-12-11T15:12:49","slug":"coeur-lumineux-ii","status":"publish","type":"product","link":"https:\/\/resinedephoenix.com\/index.php\/product\/coeur-lumineux-ii\/","title":{"rendered":"C\u0153ur gris et pierre argent\u00e9e"},"content":{"rendered":"<p>Sublime c\u0153ur gris et pierre argent\u00e9e.18 cm X 20 cm<\/p>\n","protected":false},"excerpt":{"rendered":"<p>Ajoutez une lueur chaleureuse et romantique \u00e0 votre int\u00e9rieur avec notre magnifique c\u0153ur en r\u00e9sine \u00e9poxy. Ce c\u0153ur d\u00e9licat et \u00e9l\u00e9gant est l\u2019accessoire parfait pour cr\u00e9er une ambiance douce et accueillante dans n\u2019importe quelle pi\u00e8ce de votre maison.<\/p>\n<p>Fabriqu\u00e9 avec soin et souci du d\u00e9tail, ce c\u0153ur pr\u00e9sente un design romantique et moderne qui en fera un \u00e9l\u00e9ment de d\u00e9coration \u00e0 part enti\u00e8re dans votre salon, votre chambre \u00e0 coucher ou votre espace de m\u00e9ditation. Les reflets chatoyants de la r\u00e9sine \u00e9poxy ajoutent une touche de magie et de f\u00e9\u00e9rie \u00e0 cet accessoire indispensable.<\/p>\n<p>Que vous l\u2019utillisiez comme \u00e9l\u00e9ment d\u00e9coratif sur une \u00e9tag\u00e8re ou comme centre de table pour une soir\u00e9e sp\u00e9ciale, notre c\u0153ur en r\u00e9sine \u00e9poxy apportera une ambiance douce et apaisante \u00e0 votre int\u00e9rieur. Ce c\u0153ur en r\u00e9sine \u00e9poxy est \u00e9galement un cadeau parfait pour les amoureux, les fianc\u00e9s ou toute personne \u00e0 la recherche d\u2019un objet d\u00e9coratif original et po\u00e9tique.<\/p>\n<p>Caract\u00e9ristiques :<\/p>\n<ul>\n<li>Mat\u00e9riau : R\u00e9sine \u00e9poxy de haute qualit\u00e9<\/li>\n<li>Finition : Brillante<\/li>\n<\/ul>\n<p>Remarque : Comme chaque pi\u00e8ce est unique et fabriqu\u00e9e \u00e0 la main, de l\u00e9g\u00e8res variations peuvent appara\u00eetre par rapport aux images pr\u00e9sent\u00e9es.<\/p>\n<p>Ajoutez d\u00e8s maintenant notre c\u0153ur en r\u00e9sine \u00e9poxy \u00e0 votre d\u00e9coration int\u00e9rieure et laissez-vous envelopper par son charme romantique.<\/p>\n","protected":false},"featured_media":2235,"template":"","meta":{"site-sidebar-layout":"default","site-content-layout":"","ast-site-content-layout":"default","site-content-style":"default","site-sidebar-style":"default","ast-global-header-display":"","ast-banner-title-visibility":"","ast-main-header-display":"","ast-hfb-above-header-display":"","ast-hfb-below-header-display":"","ast-hfb-mobile-header-display":"","site-post-title":"","ast-breadcrumbs-content":"","ast-featured-img":"","footer-sml-layout":"","theme-transparent-header-meta":"default","adv-header-id-meta":"","stick-header-meta":"","header-above-stick-meta":"","header-main-stick-meta":"","header-below-stick-meta":"","astra-migrate-meta-layouts":"set","ast-page-background-enabled":"default","ast-page-background-meta":{"desktop":{"background-color":"var(--ast-global-color-4)","background-image":"","background-repeat":"repeat","background-position":"center center","background-size":"auto","background-attachment":"scroll","background-type":"","background-media":"","overlay-type":"","overlay-color":"","overlay-opacity":"","overlay-gradient":""},"tablet":{"background-color":"","background-image":"","background-repeat":"repeat","background-position":"center center","background-size":"auto","background-attachment":"scroll","background-type":"","background-media":"","overlay-type":"","overlay-color":"","overlay-opacity":"","overlay-gradient":""},"mobile":{"background-color":"","background-image":"","background-repeat":"repeat","background-position":"center center","background-size":"auto","background-attachment":"scroll","background-type":"","background-media":"","overlay-type":"","overlay-color":"","overlay-opacity":"","overlay-gradient":""}},"ast-content-background-meta":{"desktop":{"background-color":"var(--ast-global-color-5)","background-image":"","background-repeat":"repeat","background-position":"center center","background-size":"auto","background-attachment":"scroll","background-type":"","background-media":"","overlay-type":"","overlay-color":"","overlay-opacity":"","overlay-gradient":""},"tablet":{"background-color":"var(--ast-global-color-5)","background-image":"","background-repeat":"repeat","background-position":"center center","background-size":"auto","background-attachment":"scroll","background-type":"","background-media":"","overlay-type":"","overlay-color":"","overlay-opacity":"","overlay-gradient":""},"mobile":{"background-color":"var(--ast-global-color-5)","background-image":"","background-repeat":"repeat","background-position":"center center","background-size":"auto","background-attachment":"scroll","background-type":"","background-media":"","overlay-type":"","overlay-color":"","overlay-opacity":"","overlay-gradient":""}}},"product_brand":[],"product_cat":[27,26],"product_tag":[],"class_list":{"0":"post-311","1":"product","2":"type-product","3":"status-publish","4":"has-post-thumbnail","6":"product_cat-de-saison","7":"product_cat-decoration","8":"desktop-align-left","9":"tablet-align-left","10":"mobile-align-left","12":"first","13":"instock","14":"taxable","15":"shipping-taxable","16":"purchasable","17":"product-type-simple"},"aioseo_notices":[],"jetpack_sharing_enabled":true,"_links":{"self":[{"href":"https:\/\/resinedephoenix.com\/index.php\/wp-json\/wp\/v2\/product\/311","targetHints":{"allow":["GET"]}}],"collection":[{"href":"https:\/\/resinedephoenix.com\/index.php\/wp-json\/wp\/v2\/product"}],"about":[{"href":"https:\/\/resinedephoenix.com\/index.php\/wp-json\/wp\/v2\/types\/product"}],"wp:featuredmedia":[{"embeddable":true,"href":"https:\/\/resinedephoenix.com\/index.php\/wp-json\/wp\/v2\/media\/2235"}],"wp:attachment":[{"href":"https:\/\/resinedephoenix.com\/index.php\/wp-json\/wp\/v2\/media?parent=311"}],"wp:term":[{"taxonomy":"product_brand","embeddable":true,"href":"https:\/\/resinedephoenix.com\/index.php\/wp-json\/wp\/v2\/product_brand?post=311"},{"taxonomy":"product_cat","embeddable":true,"href":"https:\/\/resinedephoenix.com\/index.php\/wp-json\/wp\/v2\/product_cat?post=311"},{"taxonomy":"product_tag","embeddable":true,"href":"https:\/\/resinedephoenix.com\/index.php\/wp-json\/wp\/v2\/product_tag?post=311"}],"curies":[{"name":"wp","href":"https:\/\/api.w.org\/{rel}","templated":true}]}}