{"id":312,"date":"2024-03-23T17:54:46","date_gmt":"2024-03-23T16:54:46","guid":{"rendered":"https:\/\/resinedephoenix.com\/?post_type=product&#038;p=312"},"modified":"2026-01-05T14:19:17","modified_gmt":"2026-01-05T13:19:17","slug":"ensemble-de-sous-verres-en-resine-epoxy","status":"publish","type":"product","link":"https:\/\/resinedephoenix.com\/index.php\/product\/ensemble-de-sous-verres-en-resine-epoxy\/","title":{"rendered":"Ensemble de Sous verre \u00ab\u00a0Afro\u00a0\u00bb"},"content":{"rendered":"<p>Ces sous-verres Afro racontent une histoire qui traverse les continents et les g\u00e9n\u00e9rations.<\/p>\n<p>Vendue par lot de 2.<\/p>\n<p>Chaque pi\u00e8ce est r\u00e9alis\u00e9e \u00e0 la main, en r\u00e9sine \u00e9poxy, avec des jeux de profondeur. Plus que des accessoires : ce sont de petits fragments d\u2019identit\u00e9 pos\u00e9s sur votre table.<\/p>\n<p>Ils accompagnent vos caf\u00e9s, vos verres partag\u00e9s, vos moments simples comme vos grandes discussions. Discrets mais puissants, ils attirent le regard sans jamais voler la vedette : ils racontent, en silence.<\/p>\n<p>\ud83d\udcd0 Dimensions : 11 \u00d7 12,5 cm<\/p>\n<p>\ud83d\udd90\ufe0f Fabrication artisanale \u2013 chaque pi\u00e8ce est unique<\/p>\n<p>\ud83e\udd0e POURQUOI ACHETER MES SOUS-VERRES ?<\/p>\n<p>\u2714\ufe0f Une cr\u00e9ation Afro inspir\u00e9e, porteuse de sens et d\u2019histoire<\/p>\n<p>\u2714\ufe0f Faits main, avec soin et intention<\/p>\n<p>\u2714\ufe0f Pi\u00e8ces uniques : aucun sous-verre ne ressemble parfaitement \u00e0 un autre<\/p>\n<p>\u2714\ufe0f Durables et r\u00e9sistants, prot\u00e9g\u00e9s par la r\u00e9sine \u00e9poxy<\/p>\n<p>\u2714\ufe0f Un objet utile qui a une \u00e2me, pas un simple accessoire<\/p>\n<p>\u2714\ufe0f Une touche artistique qui transforme une table en espace de partageSous verre th\u00e8me \u00ab\u00a0femme afro\u00a0\u00bb<\/p>\n","protected":false},"excerpt":{"rendered":"<p>Ensemble de sous-verres Afro en r\u00e9sine \u00e9poxy, inspir\u00e9s par les racines et la transmission.<\/p>\n<p>Des nuances, une transparence lumineuse, pour sublimer chaque instant de partage.<\/p>\n<p>\ud83d\udcd0 Dimensions : 11 \u00d7 12,5 cm<\/p>\n","protected":false},"featured_media":2525,"template":"","meta":{"site-sidebar-layout":"default","site-content-layout":"","ast-site-content-layout":"default","site-content-style":"default","site-sidebar-style":"default","ast-global-header-display":"","ast-banner-title-visibility":"","ast-main-header-display":"","ast-hfb-above-header-display":"","ast-hfb-below-header-display":"","ast-hfb-mobile-header-display":"","site-post-title":"","ast-breadcrumbs-content":"","ast-featured-img":"","footer-sml-layout":"","theme-transparent-header-meta":"default","adv-header-id-meta":"","stick-header-meta":"","header-above-stick-meta":"","header-main-stick-meta":"","header-below-stick-meta":"","astra-migrate-meta-layouts":"set","ast-page-background-enabled":"default","ast-page-background-meta":{"desktop":{"background-color":"var(--ast-global-color-4)","background-image":"","background-repeat":"repeat","background-position":"center center","background-size":"auto","background-attachment":"scroll","background-type":"","background-media":"","overlay-type":"","overlay-color":"","overlay-opacity":"","overlay-gradient":""},"tablet":{"background-color":"","background-image":"","background-repeat":"repeat","background-position":"center center","background-size":"auto","background-attachment":"scroll","background-type":"","background-media":"","overlay-type":"","overlay-color":"","overlay-opacity":"","overlay-gradient":""},"mobile":{"background-color":"","background-image":"","background-repeat":"repeat","background-position":"center center","background-size":"auto","background-attachment":"scroll","background-type":"","background-media":"","overlay-type":"","overlay-color":"","overlay-opacity":"","overlay-gradient":""}},"ast-content-background-meta":{"desktop":{"background-color":"var(--ast-global-color-5)","background-image":"","background-repeat":"repeat","background-position":"center center","background-size":"auto","background-attachment":"scroll","background-type":"","background-media":"","overlay-type":"","overlay-color":"","overlay-opacity":"","overlay-gradient":""},"tablet":{"background-color":"var(--ast-global-color-5)","background-image":"","background-repeat":"repeat","background-position":"center center","background-size":"auto","background-attachment":"scroll","background-type":"","background-media":"","overlay-type":"","overlay-color":"","overlay-opacity":"","overlay-gradient":""},"mobile":{"background-color":"var(--ast-global-color-5)","background-image":"","background-repeat":"repeat","background-position":"center center","background-size":"auto","background-attachment":"scroll","background-type":"","background-media":"","overlay-type":"","overlay-color":"","overlay-opacity":"","overlay-gradient":""}}},"product_brand":[],"product_cat":[31,26],"product_tag":[],"class_list":{"0":"post-312","1":"product","2":"type-product","3":"status-publish","4":"has-post-thumbnail","6":"product_cat-plateau","7":"product_cat-decoration","8":"product_shipping_class-colis-moyen","9":"desktop-align-left","10":"tablet-align-left","11":"mobile-align-left","13":"first","14":"instock","15":"taxable","16":"shipping-taxable","17":"purchasable","18":"product-type-simple"},"aioseo_notices":[],"jetpack_sharing_enabled":true,"_links":{"self":[{"href":"https:\/\/resinedephoenix.com\/index.php\/wp-json\/wp\/v2\/product\/312","targetHints":{"allow":["GET"]}}],"collection":[{"href":"https:\/\/resinedephoenix.com\/index.php\/wp-json\/wp\/v2\/product"}],"about":[{"href":"https:\/\/resinedephoenix.com\/index.php\/wp-json\/wp\/v2\/types\/product"}],"wp:featuredmedia":[{"embeddable":true,"href":"https:\/\/resinedephoenix.com\/index.php\/wp-json\/wp\/v2\/media\/2525"}],"wp:attachment":[{"href":"https:\/\/resinedephoenix.com\/index.php\/wp-json\/wp\/v2\/media?parent=312"}],"wp:term":[{"taxonomy":"product_brand","embeddable":true,"href":"https:\/\/resinedephoenix.com\/index.php\/wp-json\/wp\/v2\/product_brand?post=312"},{"taxonomy":"product_cat","embeddable":true,"href":"https:\/\/resinedephoenix.com\/index.php\/wp-json\/wp\/v2\/product_cat?post=312"},{"taxonomy":"product_tag","embeddable":true,"href":"https:\/\/resinedephoenix.com\/index.php\/wp-json\/wp\/v2\/product_tag?post=312"}],"curies":[{"name":"wp","href":"https:\/\/api.w.org\/{rel}","templated":true}]}}