{"id":316,"date":"2024-03-23T18:03:13","date_gmt":"2024-03-23T17:03:13","guid":{"rendered":"https:\/\/resinedephoenix.com\/?post_type=product&#038;p=316"},"modified":"2025-12-26T01:06:58","modified_gmt":"2025-12-26T00:06:58","slug":"bougeoir-de-coeur","status":"publish","type":"product","link":"https:\/\/resinedephoenix.com\/index.php\/product\/bougeoir-de-coeur\/","title":{"rendered":"Support essuie tout"},"content":{"rendered":"<p>Parce que m\u00eame les objets les plus simples m\u00e9ritent une touche d\u2019\u00e2me, ce repose essuie-tout en r\u00e9sine \u00e9poxy transforme un geste banal en d\u00e9tail soign\u00e9.<br \/>\nSon design \u00e9pur\u00e9 apporte une \u00e9l\u00e9gance discr\u00e8te \u00e0 la cuisine, tandis que sa conception maline assure une parfaite stabilit\u00e9 et une utilisation fluide au quotidien. Il maintient le rouleau bien en place, tout en restant facile \u00e0 d\u00e9placer, sans jamais sacrifier l\u2019esth\u00e9tique.<\/p>\n<p>Fabriqu\u00e9 artisanalement, chaque mod\u00e8le est unique. Il s\u2019int\u00e8gre naturellement dans tous les int\u00e9rieurs, des plus contemporains aux plus chaleureux, et devient un v\u00e9ritable \u00e9l\u00e9ment de d\u00e9coration fonctionnelle.<\/p>\n<p>C\u2019est le genre d\u2019objet que l\u2019on n\u2019ach\u00e8te pas que par n\u00e9cessit\u00e9\u2026<br \/>\nmais que l\u2019on adopte par plaisir.<\/p>\n<p>\u2714\ufe0f Pourquoi l\u2019adopter ?<br \/>\n\ud83e\udde0 Malin : stable, pratique et facile \u00e0 utiliser<br \/>\n\u2728 \u00c9l\u00e9gant : un design qui sublime le plan de travail<br \/>\n\ud83d\udd90\ufe0f Artisanal : chaque pi\u00e8ce est unique<br \/>\n\ud83c\udfe1 Polyvalent : trouve sa place dans toutes les cuisines<\/p>\n","protected":false},"excerpt":{"rendered":"<p>Repose essuie-tout en r\u00e9sine \u00e9poxy, \u00e0 la fois \u00e9l\u00e9gant et malin, pens\u00e9 pour allier praticit\u00e9 et d\u00e9coration.<br \/>\nUn accessoire du quotidien qui fait enfin rimer l&rsquo; utilit\u00e9 avec style.<\/p>\n","protected":false},"featured_media":2520,"template":"","meta":{"site-sidebar-layout":"default","site-content-layout":"","ast-site-content-layout":"default","site-content-style":"default","site-sidebar-style":"default","ast-global-header-display":"","ast-banner-title-visibility":"","ast-main-header-display":"","ast-hfb-above-header-display":"","ast-hfb-below-header-display":"","ast-hfb-mobile-header-display":"","site-post-title":"","ast-breadcrumbs-content":"","ast-featured-img":"","footer-sml-layout":"","theme-transparent-header-meta":"default","adv-header-id-meta":"","stick-header-meta":"","header-above-stick-meta":"","header-main-stick-meta":"","header-below-stick-meta":"","astra-migrate-meta-layouts":"set","ast-page-background-enabled":"default","ast-page-background-meta":{"desktop":{"background-color":"var(--ast-global-color-4)","background-image":"","background-repeat":"repeat","background-position":"center center","background-size":"auto","background-attachment":"scroll","background-type":"","background-media":"","overlay-type":"","overlay-color":"","overlay-opacity":"","overlay-gradient":""},"tablet":{"background-color":"","background-image":"","background-repeat":"repeat","background-position":"center center","background-size":"auto","background-attachment":"scroll","background-type":"","background-media":"","overlay-type":"","overlay-color":"","overlay-opacity":"","overlay-gradient":""},"mobile":{"background-color":"","background-image":"","background-repeat":"repeat","background-position":"center center","background-size":"auto","background-attachment":"scroll","background-type":"","background-media":"","overlay-type":"","overlay-color":"","overlay-opacity":"","overlay-gradient":""}},"ast-content-background-meta":{"desktop":{"background-color":"var(--ast-global-color-5)","background-image":"","background-repeat":"repeat","background-position":"center center","background-size":"auto","background-attachment":"scroll","background-type":"","background-media":"","overlay-type":"","overlay-color":"","overlay-opacity":"","overlay-gradient":""},"tablet":{"background-color":"var(--ast-global-color-5)","background-image":"","background-repeat":"repeat","background-position":"center center","background-size":"auto","background-attachment":"scroll","background-type":"","background-media":"","overlay-type":"","overlay-color":"","overlay-opacity":"","overlay-gradient":""},"mobile":{"background-color":"var(--ast-global-color-5)","background-image":"","background-repeat":"repeat","background-position":"center center","background-size":"auto","background-attachment":"scroll","background-type":"","background-media":"","overlay-type":"","overlay-color":"","overlay-opacity":"","overlay-gradient":""}}},"product_brand":[],"product_cat":[31,26],"product_tag":[],"class_list":{"0":"post-316","1":"product","2":"type-product","3":"status-publish","4":"has-post-thumbnail","6":"product_cat-plateau","7":"product_cat-decoration","8":"desktop-align-left","9":"tablet-align-left","10":"mobile-align-left","12":"first","13":"instock","14":"taxable","15":"shipping-taxable","16":"purchasable","17":"product-type-simple"},"aioseo_notices":[],"jetpack_sharing_enabled":true,"_links":{"self":[{"href":"https:\/\/resinedephoenix.com\/index.php\/wp-json\/wp\/v2\/product\/316","targetHints":{"allow":["GET"]}}],"collection":[{"href":"https:\/\/resinedephoenix.com\/index.php\/wp-json\/wp\/v2\/product"}],"about":[{"href":"https:\/\/resinedephoenix.com\/index.php\/wp-json\/wp\/v2\/types\/product"}],"wp:featuredmedia":[{"embeddable":true,"href":"https:\/\/resinedephoenix.com\/index.php\/wp-json\/wp\/v2\/media\/2520"}],"wp:attachment":[{"href":"https:\/\/resinedephoenix.com\/index.php\/wp-json\/wp\/v2\/media?parent=316"}],"wp:term":[{"taxonomy":"product_brand","embeddable":true,"href":"https:\/\/resinedephoenix.com\/index.php\/wp-json\/wp\/v2\/product_brand?post=316"},{"taxonomy":"product_cat","embeddable":true,"href":"https:\/\/resinedephoenix.com\/index.php\/wp-json\/wp\/v2\/product_cat?post=316"},{"taxonomy":"product_tag","embeddable":true,"href":"https:\/\/resinedephoenix.com\/index.php\/wp-json\/wp\/v2\/product_tag?post=316"}],"curies":[{"name":"wp","href":"https:\/\/api.w.org\/{rel}","templated":true}]}}