{"id":327,"date":"2024-03-23T18:32:25","date_gmt":"2024-03-23T17:32:25","guid":{"rendered":"https:\/\/resinedephoenix.com\/?post_type=product&#038;p=327"},"modified":"2025-12-20T08:33:38","modified_gmt":"2025-12-20T07:33:38","slug":"boucles-doreilles","status":"publish","type":"product","link":"https:\/\/resinedephoenix.com\/index.php\/product\/boucles-doreilles\/","title":{"rendered":"Boucles d&rsquo;Oreilles \u00a0\u00bb \u00c2me min\u00e9rale\u00a0\u00bb"},"content":{"rendered":"<p>Ces boucles d\u2019oreilles en r\u00e9sine \u00e9poxy transparente sont comme des gouttes de clart\u00e9 fig\u00e9es dans le temps. La mati\u00e8re, limpide et lumineuse, laisse appara\u00eetre des pierres d\u00e9licatement incrust\u00e9es, telles des tr\u00e9sors d\u00e9couverts au c\u0153ur d\u2019un cristal.<br \/>\nLa transparence \u00e9voque l\u2019eau calme d\u2019un lac au petit matin, tandis que les pierres rappellent les promesses silencieuses de la terre. Ensemble, elles cr\u00e9ent un \u00e9quilibre subtil entre l\u00e9g\u00e8ret\u00e9 et profondeur, comme un dialogue entre le ciel et le sol.<br \/>\nChaque cr\u00e9ation est r\u00e9alis\u00e9e \u00e0 la main, rendant chaque pi\u00e8ce unique. Les pierres semblent flotter, port\u00e9es par la lumi\u00e8re, changeant d\u2019\u00e9clat selon les mouvements et l\u2019angle du regard. Porter ces boucles d\u2019oreilles, c\u2019est choisir la douceur plut\u00f4t que l\u2019\u00e9clat brut, la po\u00e9sie plut\u00f4t que l\u2019ostentation.<br \/>\nElles accompagnent celles qui aiment les bijoux qui murmurent, pas ceux qui crient. Des bijoux comme une respiration, une pause lumineuse dans le tumulte du quotidien.<\/p>\n<p>\u26a0\ufe0f Remarque : Les images des boucles d\u2019oreilles pr\u00e9sent\u00e9es sur le site sont des visuels g\u00e9n\u00e9r\u00e9s par intelligence artificielle.<br \/>\nPour des raisons esth\u00e9tiques, les boucles d\u2019oreilles peuvent para\u00eetre plus grandes que la r\u00e9alit\u00e9.<\/p>\n","protected":false},"excerpt":{"rendered":"<p>Boucles d\u2019oreilles en r\u00e9sine \u00e9poxy transparente, sublim\u00e9es par des pierres d\u00e9licatement incrust\u00e9es.<br \/>\nComme des fragments de lumi\u00e8re suspendus, elles captent le regard avec discr\u00e9tion et po\u00e9sie.<br \/>\nDes cr\u00e9ations artisanales, fines et intemporelles.<\/p>\n<p>Caract\u00e9ristiques :<\/p>\n<ul>\n<li>Mat\u00e9riau : R\u00e9sine \u00e9poxy de haute qualit\u00e9<\/li>\n<li>Finition : Brillante<\/li>\n<\/ul>\n","protected":false},"featured_media":2506,"template":"","meta":{"site-sidebar-layout":"default","site-content-layout":"","ast-site-content-layout":"default","site-content-style":"default","site-sidebar-style":"default","ast-global-header-display":"","ast-banner-title-visibility":"","ast-main-header-display":"","ast-hfb-above-header-display":"","ast-hfb-below-header-display":"","ast-hfb-mobile-header-display":"","site-post-title":"","ast-breadcrumbs-content":"","ast-featured-img":"","footer-sml-layout":"","theme-transparent-header-meta":"default","adv-header-id-meta":"","stick-header-meta":"","header-above-stick-meta":"","header-main-stick-meta":"","header-below-stick-meta":"","astra-migrate-meta-layouts":"set","ast-page-background-enabled":"default","ast-page-background-meta":{"desktop":{"background-color":"var(--ast-global-color-4)","background-image":"","background-repeat":"repeat","background-position":"center center","background-size":"auto","background-attachment":"scroll","background-type":"","background-media":"","overlay-type":"","overlay-color":"","overlay-opacity":"","overlay-gradient":""},"tablet":{"background-color":"","background-image":"","background-repeat":"repeat","background-position":"center center","background-size":"auto","background-attachment":"scroll","background-type":"","background-media":"","overlay-type":"","overlay-color":"","overlay-opacity":"","overlay-gradient":""},"mobile":{"background-color":"","background-image":"","background-repeat":"repeat","background-position":"center center","background-size":"auto","background-attachment":"scroll","background-type":"","background-media":"","overlay-type":"","overlay-color":"","overlay-opacity":"","overlay-gradient":""}},"ast-content-background-meta":{"desktop":{"background-color":"var(--ast-global-color-5)","background-image":"","background-repeat":"repeat","background-position":"center center","background-size":"auto","background-attachment":"scroll","background-type":"","background-media":"","overlay-type":"","overlay-color":"","overlay-opacity":"","overlay-gradient":""},"tablet":{"background-color":"var(--ast-global-color-5)","background-image":"","background-repeat":"repeat","background-position":"center center","background-size":"auto","background-attachment":"scroll","background-type":"","background-media":"","overlay-type":"","overlay-color":"","overlay-opacity":"","overlay-gradient":""},"mobile":{"background-color":"var(--ast-global-color-5)","background-image":"","background-repeat":"repeat","background-position":"center center","background-size":"auto","background-attachment":"scroll","background-type":"","background-media":"","overlay-type":"","overlay-color":"","overlay-opacity":"","overlay-gradient":""}}},"product_brand":[],"product_cat":[29],"product_tag":[],"class_list":{"0":"post-327","1":"product","2":"type-product","3":"status-publish","4":"has-post-thumbnail","6":"product_cat-bijoux","7":"product_shipping_class-colis-leger","8":"desktop-align-left","9":"tablet-align-left","10":"mobile-align-left","12":"first","13":"instock","14":"taxable","15":"shipping-taxable","16":"purchasable","17":"product-type-simple"},"aioseo_notices":[],"jetpack_sharing_enabled":true,"_links":{"self":[{"href":"https:\/\/resinedephoenix.com\/index.php\/wp-json\/wp\/v2\/product\/327","targetHints":{"allow":["GET"]}}],"collection":[{"href":"https:\/\/resinedephoenix.com\/index.php\/wp-json\/wp\/v2\/product"}],"about":[{"href":"https:\/\/resinedephoenix.com\/index.php\/wp-json\/wp\/v2\/types\/product"}],"wp:featuredmedia":[{"embeddable":true,"href":"https:\/\/resinedephoenix.com\/index.php\/wp-json\/wp\/v2\/media\/2506"}],"wp:attachment":[{"href":"https:\/\/resinedephoenix.com\/index.php\/wp-json\/wp\/v2\/media?parent=327"}],"wp:term":[{"taxonomy":"product_brand","embeddable":true,"href":"https:\/\/resinedephoenix.com\/index.php\/wp-json\/wp\/v2\/product_brand?post=327"},{"taxonomy":"product_cat","embeddable":true,"href":"https:\/\/resinedephoenix.com\/index.php\/wp-json\/wp\/v2\/product_cat?post=327"},{"taxonomy":"product_tag","embeddable":true,"href":"https:\/\/resinedephoenix.com\/index.php\/wp-json\/wp\/v2\/product_tag?post=327"}],"curies":[{"name":"wp","href":"https:\/\/api.w.org\/{rel}","templated":true}]}}